{"id":86112,"date":"2020-10-03T18:37:40","date_gmt":"2020-10-03T18:37:40","guid":{"rendered":"https:\/\/www.riadorangeraie.com\/notre-histoire\/"},"modified":"2020-12-02T16:55:42","modified_gmt":"2020-12-02T16:55:42","slug":"notre-histoire","status":"publish","type":"page","link":"https:\/\/riadorangeraie.com\/fr\/notre-histoire\/","title":{"rendered":"Notre Histoire"},"content":{"rendered":"<div class=\"wpb-content-wrapper\"><p>[vc_row unlock_row_content=\u00a0\u00bbyes\u00a0\u00bb row_height_percent=\u00a0\u00bb0&Prime; back_image=\u00a0\u00bb83229&Prime; overlay_alpha=\u00a0\u00bb50&Prime; gutter_size=\u00a0\u00bb3&Prime; column_width_percent=\u00a0\u00bb100&Prime; shift_y=\u00a0\u00bb0&Prime; z_index=\u00a0\u00bb0&Prime;][vc_column column_width_percent=\u00a0\u00bb100&Prime; gutter_size=\u00a0\u00bb3&Prime; style=\u00a0\u00bbdark\u00a0\u00bb overlay_alpha=\u00a0\u00bb50&Prime; shift_x=\u00a0\u00bb0&Prime; shift_y=\u00a0\u00bb0&Prime; shift_y_down=\u00a0\u00bb0&Prime; z_index=\u00a0\u00bb0&Prime; medium_width=\u00a0\u00bb0&Prime; mobile_width=\u00a0\u00bb0&Prime; width=\u00a0\u00bb1\/1&Prime;][vc_row_inner row_inner_height_percent=\u00a0\u00bb0&Prime; overlay_alpha=\u00a0\u00bb50&Prime; gutter_size=\u00a0\u00bb0&Prime; shift_y=\u00a0\u00bb0&Prime; z_index=\u00a0\u00bb0&Prime;][vc_column_inner column_width_percent=\u00a0\u00bb100&Prime; gutter_size=\u00a0\u00bb3&Prime; style=\u00a0\u00bbdark\u00a0\u00bb font_family=\u00a0\u00bbfont-762333&Prime; overlay_color=\u00a0\u00bbcolor-187530&Prime; overlay_alpha=\u00a0\u00bb86&Prime; shift_x=\u00a0\u00bb0&Prime; shift_y=\u00a0\u00bb0&Prime; shift_y_down=\u00a0\u00bb0&Prime; z_index=\u00a0\u00bb0&Prime; medium_width=\u00a0\u00bb0&Prime; mobile_width=\u00a0\u00bb0&Prime; width=\u00a0\u00bb1\/2&Prime;][vc_empty_space empty_h=\u00a0\u00bb0&Prime;][vc_column_text css=\u00a0\u00bb.vc_custom_1605539245502{padding-right: 15px !important;padding-left: 15px !important;}\u00a0\u00bb el_class=\u00a0\u00bbwrapper-title-page\u00a0\u00bb]<\/p>\n<h2>Notre Histoire<\/h2>\n<p>[\/vc_column_text][vc_column_text css=\u00a0\u00bb.vc_custom_1603126046388{padding-right: 15px !important;padding-left: 15px !important;}\u00a0\u00bb]<\/p>\n<p style=\"text-align: justify;\"><span style=\"font-weight: 400;\">En 1998, mon fr\u00e8re et moi m\u00eame, tomb\u00e9s sous le charme de la ville, \u00e9tions \u00e0 la recherche d&rsquo;une maison dans la m\u00e9dina de Marrakech (sans savoir vraiment quel serait sa destination finale) quand nous sommes entr\u00e9s dans la cour presque en ruine de l&rsquo;une des anciennes grandes maisons priv\u00e9es de la ville. Au cr\u00e9puscule, avec le son de l&rsquo;appel \u00e0 la pri\u00e8re du muezzin r\u00e9sonnant dans l&rsquo;air, nous sommes tomb\u00e9s instantan\u00e9ment amoureux de l&rsquo;ambiance que d\u00e9gageait la maison. Apr\u00e8s deux ann\u00e9es de tractations avec la famille Tijani, propri\u00e9taire du Riad \u00e0 l\u2019\u00e9poque, mais surtout apr\u00e8s de longues formalit\u00e9s administratives li\u00e9es au fait qu\u2019une partie de la famille r\u00e9sidait alors en Alg\u00e9rie, nous devinrent finalement propri\u00e9taires d\u2019une maison qui compte tenu de son emplacement privil\u00e9gi\u00e9 dans la m\u00e9dina et du nombres de coh\u00e9ritiers propri\u00e9taires (26 personnes au total) \u00e9tait consid\u00e9r\u00e9e pour beaucoup comme difficilement acqu\u00e9rable. Nous ne tardimes pas \u00e0 r\u00e9aliser que notre maison improbable allait devenir bien plus que cela.\u00a0<\/span><\/p>\n<p style=\"text-align: justify;\"><span style=\"font-weight: 400;\">A l&rsquo;\u00e9poque, seule une poign\u00e9e des Riads de Marrakech avaient \u00e9t\u00e9 convertis en petits h\u00f4tels. Nous savions que nous voulions cr\u00e9er un lieu de d\u00e9tente o\u00f9 l\u2019on se sente chez soi, associant une cuisine et un service excellents, respectant l\u2019esprit du pass\u00e9 de l&rsquo;\u00e9difice mais avec une touche d\u00e9corative contemporaine. Pendant la r\u00e9novation qui dura environ deux ans, des artisans locaux utilis\u00e8rent des techniques traditionnelles pour donner un nouveau souffle au b\u00e2timent. De l&rsquo;enduit \u00e0 la chaux poli a ainsi \u00e9t\u00e9 utilis\u00e9 dans un arc en ciel de couleurs pour cr\u00e9er des murs, des chambres et salles de bain, des portes et fen\u00eatres en bois de c\u00e8dres ont \u00e9t\u00e9 ajout\u00e9es et les plafonds restaur\u00e9s et m\u00eame reconstruits quand ils le demandaient. Afin de cr\u00e9er l\u2019int\u00e9rieur unique du Riad, des meubles, des nattes, des antiquit\u00e9s, des tapis anciens, de vieilles photos ont \u00e9t\u00e9 progressivement achet\u00e9s au gr\u00e9 des rencontres avec les commer\u00e7ants de la ville mais aussi des voyages dans d\u2019autres villes du Maroc ou dans le Sud marocain.<\/span><\/p>\n<p>[\/vc_column_text][vc_empty_space empty_h=\u00a0\u00bb2&Prime;][\/vc_column_inner][vc_column_inner width=\u00a0\u00bb1\/2&Prime;][\/vc_column_inner][\/vc_row_inner][vc_empty_space empty_h=\u00a0\u00bb3&Prime;][\/vc_column][\/vc_row][vc_row row_height_percent=\u00a0\u00bb0&Prime; override_padding=\u00a0\u00bbyes\u00a0\u00bb h_padding=\u00a0\u00bb0&Prime; top_padding=\u00a0\u00bb1&Prime; bottom_padding=\u00a0\u00bb1&Prime; back_color=\u00a0\u00bbcolor-187530&Prime; overlay_alpha=\u00a0\u00bb50&Prime; gutter_size=\u00a0\u00bb0&Prime; column_width_percent=\u00a0\u00bb0&Prime; shift_y=\u00a0\u00bb0&Prime; z_index=\u00a0\u00bb0&Prime;][vc_column column_width_percent=\u00a0\u00bb100&Prime; align_horizontal=\u00a0\u00bbalign_center\u00a0\u00bb gutter_size=\u00a0\u00bb3&Prime; style=\u00a0\u00bbdark\u00a0\u00bb overlay_alpha=\u00a0\u00bb50&Prime; shift_x=\u00a0\u00bb0&Prime; shift_y=\u00a0\u00bb0&Prime; shift_y_down=\u00a0\u00bb0&Prime; z_index=\u00a0\u00bb0&Prime; medium_width=\u00a0\u00bb0&Prime; mobile_width=\u00a0\u00bb0&Prime; width=\u00a0\u00bb1\/1&Prime;][\/vc_column][\/vc_row][vc_row unlock_row_content=\u00a0\u00bbyes\u00a0\u00bb row_height_percent=\u00a0\u00bb0&Prime; back_image=\u00a0\u00bb83233&Prime; back_attachment=\u00a0\u00bbfixed\u00a0\u00bb overlay_alpha=\u00a0\u00bb50&Prime; gutter_size=\u00a0\u00bb3&Prime; column_width_percent=\u00a0\u00bb100&Prime; border_color=\u00a0\u00bbcolor-187530&Prime; border_style=\u00a0\u00bbsolid\u00a0\u00bb shift_y=\u00a0\u00bb0&Prime; z_index=\u00a0\u00bb0&Prime; css=\u00a0\u00bb.vc_custom_1595515632233{border-bottom-width: 2px !important;}\u00a0\u00bb][vc_column column_width_percent=\u00a0\u00bb100&Prime; gutter_size=\u00a0\u00bb3&Prime; style=\u00a0\u00bbdark\u00a0\u00bb overlay_alpha=\u00a0\u00bb50&Prime; shift_x=\u00a0\u00bb0&Prime; shift_y=\u00a0\u00bb0&Prime; shift_y_down=\u00a0\u00bb0&Prime; z_index=\u00a0\u00bb0&Prime; medium_width=\u00a0\u00bb0&Prime; mobile_width=\u00a0\u00bb0&Prime; width=\u00a0\u00bb1\/1&Prime;][vc_empty_space empty_h=\u00a0\u00bb3&Prime;][vc_row_inner row_inner_height_percent=\u00a0\u00bb0&Prime; overlay_alpha=\u00a0\u00bb50&Prime; gutter_size=\u00a0\u00bb3&Prime; shift_y=\u00a0\u00bb0&Prime; z_index=\u00a0\u00bb0&Prime;][vc_column_inner width=\u00a0\u00bb1\/2&Prime;][\/vc_column_inner][vc_column_inner column_width_percent=\u00a0\u00bb100&Prime; gutter_size=\u00a0\u00bb3&Prime; style=\u00a0\u00bbdark\u00a0\u00bb font_family=\u00a0\u00bbfont-762333&Prime; overlay_color=\u00a0\u00bbcolor-187530&Prime; overlay_alpha=\u00a0\u00bb85&Prime; shift_x=\u00a0\u00bb0&Prime; shift_y=\u00a0\u00bb0&Prime; shift_y_down=\u00a0\u00bb0&Prime; z_index=\u00a0\u00bb0&Prime; medium_width=\u00a0\u00bb0&Prime; mobile_width=\u00a0\u00bb0&Prime; width=\u00a0\u00bb1\/2&Prime;][vc_empty_space empty_h=\u00a0\u00bb1&Prime;][vc_column_text css=\u00a0\u00bb.vc_custom_1603126270856{padding-right: 15px !important;padding-left: 15px !important;}\u00a0\u00bb]<span style=\"font-weight: 400;\">Le Riad l\u2019Orangeraie a finalement ouvert ses sept chambres en d\u00e9cembre 2003. Depuis maintenant plus de quinze ans, la maison s\u2019est remplie des histoires de ses occupants temporaires, des relations d\u2019amiti\u00e9 sinc\u00e8res se sont cr\u00e9\u00e9es, des histoires d\u2019amour ont m\u00eame vu le jour\u2026. la vie d\u2019un h\u00f4tel en somme.\u00a0<\/span><\/p>\n<p><span style=\"font-weight: 400;\">Chaque \u00e9t\u00e9 depuis l\u2019ouverture, des r\u00e9novations ponctuelles sont faites afin de maintenir notre standard de qualit\u00e9 mais aussi d\u2019am\u00e9liorer quand c\u2019est possible le confort de nos invit\u00e9s. Plusieurs membres du personnel pr\u00e9sent \u00e0 l\u2019ouverture travaille toujours au Riad mais de nouvelles personnalit\u00e9s sont venues enrichir notre \u00e9quipe et les services propos\u00e9s par l\u2019h\u00f4tel. Le travail a pay\u00e9 et depuis sa cr\u00e9ation l\u2019\u00e9tablissement a toujours \u00e9t\u00e9 constamment class\u00e9 parmi les 10 meilleurs Riad de la ville.\u00a0<\/span><\/p>\n<p><span style=\"font-weight: 400;\">Cependant, malgr\u00e9 les \u00e9volutions et changements inh\u00e9rents au passage des ann\u00e9es, l&rsquo;esprit \u2018Orangeraie\u2019 demeure: c&rsquo;est un lieu pour se d\u00e9tendre et profiter de la tranquillit\u00e9 d\u2019une vieille demeure marakchie avant de sortir vous impr\u00e9gner de l&rsquo;atmosph\u00e8re d&rsquo;une ville qui a su s\u00e9duire tout le monde, d&rsquo;Yves Saint Laurent \u00e0 Winston Churchill.<\/span><\/p>\n<p><span style=\"font-weight: 400;\">Nous nous r\u00e9jouissons de vous accueillir dans votre maison \u00e0 Marrakech.<\/span>[\/vc_column_text][vc_empty_space empty_h=\u00a0\u00bb2&Prime;][\/vc_column_inner][\/vc_row_inner][vc_empty_space empty_h=\u00a0\u00bb3&Prime;][\/vc_column][\/vc_row]<\/p>\n<\/div>","protected":false},"excerpt":{"rendered":"<p>[vc_row unlock_row_content=\u00a0\u00bbyes\u00a0\u00bb row_height_percent=\u00a0\u00bb0&Prime; back_image=\u00a0\u00bb83229&Prime; overlay_alpha=\u00a0\u00bb50&Prime; gutter_size=\u00a0\u00bb3&Prime; column_width_percent=\u00a0\u00bb100&Prime; shift_y=\u00a0\u00bb0&Prime; z_index=\u00a0\u00bb0&Prime;][vc_column column_width_percent=\u00a0\u00bb100&Prime; gutter_size=\u00a0\u00bb3&Prime; style=\u00a0\u00bbdark\u00a0\u00bb overlay_alpha=\u00a0\u00bb50&Prime; shift_x=\u00a0\u00bb0&Prime; shift_y=\u00a0\u00bb0&Prime; shift_y_down=\u00a0\u00bb0&Prime; z_index=\u00a0\u00bb0&Prime; medium_width=\u00a0\u00bb0&Prime; mobile_width=\u00a0\u00bb0&Prime; width=\u00a0\u00bb1\/1&Prime;][vc_empty_space empty_h=\u00a0\u00bb1&Prime;][vc_row_inner row_inner_height_percent=\u00a0\u00bb0&Prime; overlay_alpha=\u00a0\u00bb50&Prime; gutter_size=\u00a0\u00bb0&Prime; shift_y=\u00a0\u00bb0&Prime; z_index=\u00a0\u00bb0&Prime;][vc_column_inner column_width_percent=\u00a0\u00bb100&Prime; gutter_size=\u00a0\u00bb3&Prime; style=\u00a0\u00bbdark\u00a0\u00bb font_family=\u00a0\u00bbfont-762333&Prime; overlay_color=\u00a0\u00bbcolor-187530&Prime; overlay_alpha=\u00a0\u00bb86&Prime; shift_x=\u00a0\u00bb0&Prime; shift_y=\u00a0\u00bb0&Prime; shift_y_down=\u00a0\u00bb0&Prime; z_index=\u00a0\u00bb0&Prime; medium_width=\u00a0\u00bb0&Prime; mobile_width=\u00a0\u00bb0&Prime; width=\u00a0\u00bb1\/2&Prime;][vc_empty_space empty_h=\u00a0\u00bb0&Prime;][vc_column_text css=\u00a0\u00bb.vc_custom_1596482477843{padding-right: 15px !important;padding-left: 15px !important;}\u00a0\u00bb]<\/p>\n","protected":false},"author":1,"featured_media":0,"parent":0,"menu_order":0,"comment_status":"closed","ping_status":"closed","template":"","meta":{"om_disable_all_campaigns":false,"_monsterinsights_skip_tracking":false,"_monsterinsights_sitenote_active":false,"_monsterinsights_sitenote_note":"","_monsterinsights_sitenote_category":0,"_uf_show_specific_survey":0,"_uf_disable_surveys":false,"footnotes":""},"class_list":["post-86112","page","type-page","status-publish","hentry"],"aioseo_notices":[],"_links":{"self":[{"href":"https:\/\/riadorangeraie.com\/fr\/wp-json\/wp\/v2\/pages\/86112","targetHints":{"allow":["GET"]}}],"collection":[{"href":"https:\/\/riadorangeraie.com\/fr\/wp-json\/wp\/v2\/pages"}],"about":[{"href":"https:\/\/riadorangeraie.com\/fr\/wp-json\/wp\/v2\/types\/page"}],"author":[{"embeddable":true,"href":"https:\/\/riadorangeraie.com\/fr\/wp-json\/wp\/v2\/users\/1"}],"replies":[{"embeddable":true,"href":"https:\/\/riadorangeraie.com\/fr\/wp-json\/wp\/v2\/comments?post=86112"}],"version-history":[{"count":0,"href":"https:\/\/riadorangeraie.com\/fr\/wp-json\/wp\/v2\/pages\/86112\/revisions"}],"wp:attachment":[{"href":"https:\/\/riadorangeraie.com\/fr\/wp-json\/wp\/v2\/media?parent=86112"}],"curies":[{"name":"wp","href":"https:\/\/api.w.org\/{rel}","templated":true}]}}