{"id":86136,"date":"2020-10-03T19:12:22","date_gmt":"2020-10-03T19:12:22","guid":{"rendered":"https:\/\/www.riadorangeraie.com\/services-internes\/"},"modified":"2025-01-09T17:55:00","modified_gmt":"2025-01-09T15:55:00","slug":"services-au-riad","status":"publish","type":"page","link":"https:\/\/riadorangeraie.com\/fr\/services-au-riad\/","title":{"rendered":"Services au Riad"},"content":{"rendered":"<div class=\"wpb-content-wrapper\"><p>[vc_row row_height_percent=\u00a0\u00bb0&Prime; override_padding=\u00a0\u00bbyes\u00a0\u00bb h_padding=\u00a0\u00bb0&Prime; top_padding=\u00a0\u00bb1&Prime; bottom_padding=\u00a0\u00bb1&Prime; back_color=\u00a0\u00bbcolor-187530&Prime; overlay_alpha=\u00a0\u00bb50&Prime; gutter_size=\u00a0\u00bb0&Prime; column_width_percent=\u00a0\u00bb0&Prime; shift_y=\u00a0\u00bb0&Prime; z_index=\u00a0\u00bb0&Prime;][vc_column column_width_percent=\u00a0\u00bb100&Prime; align_horizontal=\u00a0\u00bbalign_center\u00a0\u00bb gutter_size=\u00a0\u00bb3&Prime; style=\u00a0\u00bbdark\u00a0\u00bb overlay_alpha=\u00a0\u00bb50&Prime; shift_x=\u00a0\u00bb0&Prime; shift_y=\u00a0\u00bb0&Prime; shift_y_down=\u00a0\u00bb0&Prime; z_index=\u00a0\u00bb0&Prime; medium_width=\u00a0\u00bb0&Prime; mobile_width=\u00a0\u00bb0&Prime; width=\u00a0\u00bb1\/1&Prime;][\/vc_column][\/vc_row][vc_row unlock_row_content=\u00a0\u00bbyes\u00a0\u00bb row_height_percent=\u00a0\u00bb0&Prime; back_image=\u00a0\u00bb85522&Prime; overlay_alpha=\u00a0\u00bb50&Prime; gutter_size=\u00a0\u00bb3&Prime; column_width_percent=\u00a0\u00bb100&Prime; border_color=\u00a0\u00bbcolor-187530&Prime; border_style=\u00a0\u00bbsolid\u00a0\u00bb shift_y=\u00a0\u00bb0&Prime; z_index=\u00a0\u00bb0&Prime; css=\u00a0\u00bb.vc_custom_1597846156060{border-bottom-width: 2px !important;}\u00a0\u00bb][vc_column column_width_percent=\u00a0\u00bb100&Prime; gutter_size=\u00a0\u00bb0&Prime; style=\u00a0\u00bbdark\u00a0\u00bb overlay_alpha=\u00a0\u00bb50&Prime; shift_x=\u00a0\u00bb0&Prime; shift_y=\u00a0\u00bb0&Prime; shift_y_down=\u00a0\u00bb0&Prime; z_index=\u00a0\u00bb0&Prime; medium_width=\u00a0\u00bb0&Prime; mobile_width=\u00a0\u00bb0&Prime; width=\u00a0\u00bb1\/1&Prime;][vc_row_inner row_inner_height_percent=\u00a0\u00bb0&Prime; overlay_alpha=\u00a0\u00bb50&Prime; gutter_size=\u00a0\u00bb3&Prime; shift_y=\u00a0\u00bb0&Prime; z_index=\u00a0\u00bb0&Prime;][vc_column_inner column_width_percent=\u00a0\u00bb100&Prime; gutter_size=\u00a0\u00bb3&Prime; style=\u00a0\u00bbdark\u00a0\u00bb font_family=\u00a0\u00bbfont-762333&Prime; overlay_color=\u00a0\u00bbcolor-187530&Prime; overlay_alpha=\u00a0\u00bb86&Prime; shift_x=\u00a0\u00bb0&Prime; shift_y=\u00a0\u00bb0&Prime; shift_y_down=\u00a0\u00bb0&Prime; z_index=\u00a0\u00bb0&Prime; medium_width=\u00a0\u00bb0&Prime; mobile_width=\u00a0\u00bb0&Prime; width=\u00a0\u00bb1\/2&Prime; css=\u00a0\u00bb.vc_custom_1597846173507{padding-top: 30px !important;padding-right: 10px !important;padding-bottom: 10px !important;padding-left: 10px !important;}\u00a0\u00bb][vc_column_text el_class=\u00a0\u00bbwrapper-title-page\u00a0\u00bb]<\/p>\n<h2>Services au Riad<\/h2>\n<p>[\/vc_column_text][vc_column_text]<span style=\"font-weight: 400;\">Manger \u2018chez nous\u2019 est une exp\u00e9rience unique que nos clients appr\u00e9cient beaucoup!<\/span><\/p>\n<p><span style=\"font-weight: 400;\">Nous ne nous comparerons jamais aux autres restaurants ou h\u00f4tels de la ville quels qu\u2019ils soient car nous avons l\u2019intime conviction que, du fait du peu de repas que nous pr\u00e9parons chaque jour, la nourriture que nous servons au Riad, que ce soit au moment du petit d\u00e9jeuner ou des autres repas de la journ\u00e9e, ne peut se comparer avec celle servie dans des lieux d\u00e9di\u00e9s sp\u00e9cifiquement \u00e0 la restauration. Il ne s\u2019agit pas ici de souligner la qualit\u00e9 de nos repas par rapport \u00e0 ceux des h\u00f4tels plus classiques ou restaurants de la ville mais tout simplement de signaler deux approches qui n\u2019ont absolument rien \u00e0 voir et ne sont donc pas comparables. A l\u2019Orangeraie, vous mangerez \u2018\u00e0 la maison\u2019.\u00a0<\/span><\/p>\n<p><span style=\"font-weight: 400;\">Tous les matins, La\u00efla, notre second chef en charge des petits d\u00e9jeuners, vous fait d\u00e9couvrir le d\u00e9licieux petit d\u00e9jeuner marakchi \u2018fa\u00e7on Orangeraie\u2019. Tout est frais, fait maison, servi \u00e0 table (et non sous forme de buffet), et le petit d\u00e9jeuner de Laila est tellement copieux et vari\u00e9 qu\u2019il pourra, pour peu que vous ne le preniez pas trop t\u00f4t, largement vous satisfaire jusqu\u2019au d\u00eener!!\u00a0 Il comprend bien s\u00fbr jus d&rsquo;orange fra\u00eechement press\u00e9, th\u00e9 et caf\u00e9, pains, croissants, beurre et confiture. Nous servons \u00e9galement des yaourts et \u2018smoothies\u2019 faits maison, des cr\u00eapes traditionnelles marocaines\u00a0 (Msimen et Baghrir), des \u0153ufs pr\u00e9par\u00e9s \u00e0 la demande et selon votre choix, un g\u00e2teau maison diff\u00e9rent chaque jour et des salades de fruits frais.<\/span><\/p>\n<p><span style=\"font-weight: 400;\">Certains matins, vous pourrez \u00eatre accompagn\u00e9s dans votre repas par des oiseaux curieux, juste int\u00e9ress\u00e9s de savoir ce que Laila a pr\u00e9par\u00e9 comme petit d\u00e9jeuner.<\/span><\/p>\n<p><span style=\"font-weight: 400;\">\u00a0Quant aux d\u00eeners, ils sont pr\u00e9par\u00e9s par Nadia, notre chef depuis l\u2019ouverture. Elle r\u00e8gne en ma\u00eetresse de maison sur sa cuisine o\u00f9 personne n\u2019entre lorsqu\u2019elle y est en action. Tous les jours, aux environs de onze heures, Nadia arrive au Riad, ses paniers pleins de produits frais et locaux, apr\u00e8s avoir d\u00e9j\u00e0 refait le monde pendant quelques heures avec la totalit\u00e9 du quartier; c\u2019est son rituel et il est immuable depuis dix sept ans.<\/span><\/p>\n<p><span style=\"font-weight: 400;\">Elle se met ensuite en cuisine pour pr\u00e9parer les d\u00e9jeuners du jour puis ceux de l\u2019\u00e9quipe, qui patiente souvent jusqu\u2019\u00e0 15h00 pour pouvoir enfin se restaurer :-). Elle s\u2019att\u00e8le seulement ensuite \u00e0 la pr\u00e9paration des d\u00eeners.<\/span><\/p>\n<p><span style=\"font-weight: 400;\">Avec une telle organisation et sachant que la cuisine marocaine n\u00e9cessite souvent des cuissons longues, c\u2019est un v\u00e9ritable chantier en progr\u00e8s que Nadia met en place chaque jour. On est d\u2019ailleurs toujours \u00e9tonn\u00e9, m\u00eame apr\u00e8s toutes ces ann\u00e9es, de constater qu\u2019elle r\u00e9ussit finalement \u00e0 produire des plats d\u2019une telle qualit\u00e9 et dans les temps impartis :-).\u00a0<\/span>[\/vc_column_text][\/vc_column_inner][vc_column_inner width=\u00a0\u00bb1\/2&Prime;][\/vc_column_inner][\/vc_row_inner][vc_empty_space empty_h=\u00a0\u00bb2&Prime;][\/vc_column][\/vc_row][vc_row unlock_row_content=\u00a0\u00bbyes\u00a0\u00bb row_height_percent=\u00a0\u00bb0&Prime; back_image=\u00a0\u00bb83431&Prime; overlay_alpha=\u00a0\u00bb50&Prime; gutter_size=\u00a0\u00bb3&Prime; column_width_percent=\u00a0\u00bb100&Prime; border_color=\u00a0\u00bbcolor-187530&Prime; border_style=\u00a0\u00bbsolid\u00a0\u00bb shift_y=\u00a0\u00bb0&Prime; z_index=\u00a0\u00bb0&Prime; css=\u00a0\u00bb.vc_custom_1596446055497{border-bottom-width: 2px !important;}\u00a0\u00bb][vc_column column_width_percent=\u00a0\u00bb100&Prime; gutter_size=\u00a0\u00bb3&Prime; style=\u00a0\u00bbdark\u00a0\u00bb overlay_alpha=\u00a0\u00bb50&Prime; shift_x=\u00a0\u00bb0&Prime; shift_y=\u00a0\u00bb0&Prime; shift_y_down=\u00a0\u00bb0&Prime; z_index=\u00a0\u00bb0&Prime; medium_width=\u00a0\u00bb0&Prime; mobile_width=\u00a0\u00bb0&Prime; width=\u00a0\u00bb1\/1&Prime;][vc_empty_space empty_h=\u00a0\u00bb2&Prime;][vc_row_inner row_inner_height_percent=\u00a0\u00bb0&Prime; overlay_alpha=\u00a0\u00bb50&Prime; gutter_size=\u00a0\u00bb3&Prime; shift_y=\u00a0\u00bb0&Prime; z_index=\u00a0\u00bb0&Prime;][vc_column_inner width=\u00a0\u00bb1\/2&Prime;][\/vc_column_inner][vc_column_inner column_width_percent=\u00a0\u00bb100&Prime; gutter_size=\u00a0\u00bb3&Prime; style=\u00a0\u00bbdark\u00a0\u00bb font_family=\u00a0\u00bbfont-762333&Prime; overlay_color=\u00a0\u00bbcolor-187530&Prime; overlay_alpha=\u00a0\u00bb86&Prime; shift_x=\u00a0\u00bb0&Prime; shift_y=\u00a0\u00bb0&Prime; shift_y_down=\u00a0\u00bb0&Prime; z_index=\u00a0\u00bb0&Prime; medium_width=\u00a0\u00bb0&Prime; mobile_width=\u00a0\u00bb0&Prime; width=\u00a0\u00bb1\/2&Prime; css=\u00a0\u00bb.vc_custom_1597846217933{padding-top: 30px !important;padding-right: 10px !important;padding-bottom: 10px !important;padding-left: 10px !important;}\u00a0\u00bb][vc_column_text uncode_shortcode_id=\u00a0\u00bb120544&Prime;]<span style=\"font-weight: 400;\">Les faits sont pourtant l\u00e0, sa cuisine est divine\u2026et vari\u00e9e parce qu\u2019aussi faite avec beaucoup d\u2019amour!<\/span><\/p>\n<p><span style=\"font-weight: 400;\">Vous aurez donc le plaisir de go\u00fbter \u00e0 ses assortiments de salades et entr\u00e9es traditionnelles comme le Zaalouk d\u2019aubergines (salade ti\u00e8de), la salade de carottes au cumin, les courgettes \u00e0 la coriandre ou les beignets de chou-fleur, puis \u00e0 ses d\u00e9licieux tajines (poulet, agneau, b\u0153uf, l\u00e9gumes et poissons\u2026) accompagn\u00e9s de figues, pruneaux, abricots, raisins ou encore \u00e0 son couscous inimitable.<\/span><\/p>\n<p><span style=\"font-weight: 400;\">Les plats que nous servons au Riad sont compos\u00e9s \u00e0 partir de produits frais et de saison issus de fili\u00e8res courtes afin de soutenir l\u2019\u00e9conomie locale et c\u2019est avec beaucoup d\u2019attention et de talent que Nadia les confectionne pour vous chaque jour.<\/span><\/p>\n<p><span style=\"font-weight: 400;\">Les d\u00eeners et d\u00e9jeuners sont pr\u00e9par\u00e9s sur demande et nos tarifs sont les suivants:<\/span><\/p>\n<p><span style=\"font-weight: 400;\">Entr\u00e9es de salades marocaines et dessert 18 \u20ac par personne<\/span><\/p>\n<p><span style=\"font-weight: 400;\">Tagines ou Couscous avec les entr\u00e9es de salades marocaines et dessert 35\u20ac par personne\u00a0<\/span><\/p>\n<p><span style=\"font-weight: 400;\">Au cours de votre s\u00e9jour nous serons pr\u00e9sents pour vous apporter conseils sur les excursions, les r\u00e9servations de restaurants et les visites que vous pourriez envisager sur place. Nous avons un service de conciergerie fonctionnant de 9 heures le matin \u00e0 22 heures le soir. Vous pouvez aussi disposer de la piscine durant votre s\u00e9jour.<\/span><\/p>\n<p><span style=\"font-weight: 400;\">Le petit d\u00e9jeuner est compris dans le prix de la chambre, le th\u00e9 et le caf\u00e9 sont offert tout au long de la journ\u00e9e.<\/span><\/p>\n<p><span style=\"font-weight: 400;\">Transferts depuis l\u2019a\u00e9roport de Marrakech<\/span><\/p>\n<p><span style=\"font-weight: 400;\">Nous pouvons organiser votre transfert depuis l&rsquo;a\u00e9roport. N\u00e9gocier avec le nombre impressionnant de chauffeurs de taxi (qui d\u00e9posent d&rsquo;ailleurs malheureusement souvent les passagers au mauvais endroit) disponibles \u00e0 l&rsquo;arriv\u00e9e est \u00e0 notre avis la derni\u00e8re chose que vous voudriez faire apr\u00e8s des heures de voyages. Les chauffeurs avec lesquels nous travaillons sont efficaces et connaissent bien les routes tr\u00e8s fr\u00e9quent\u00e9es autour de la m\u00e9dina. Ils sont en liaison avec les Riads et donc en mesure de nous informer \u00e0 votre arriv\u00e9e pour que nous puissions venir vous chercher \u00e0 l\u2019entr\u00e9e de la vieille ville avec un petit chariot pour transporter vos bagages dans la m\u00e9dina, o\u00f9 les voitures n&rsquo;ont pas acc\u00e8s. Notre Riad est situ\u00e9 \u00e0 300 m\u00e8tres de l&rsquo;entr\u00e9e de la m\u00e9dina la plus proche. Notre service de transfert est disponible pour 20 euros par voiture n\u00e9cessaire (en g\u00e9n\u00e9ral pour 5 personnes).<\/span><\/p>\n<p><span style=\"font-weight: 400;\">Si vous souhaitez vous d\u00e9tendre apr\u00e8s une longue journ\u00e9e de promenade dans les souks, nous pouvons organiser un massage sur demande pour 30 euros de l&rsquo;heure.<\/span><\/p>\n<p><span style=\"font-weight: 400;\">Veuillez \u00e9galement noter que nous pouvons mettre un lit suppl\u00e9mentaire dans toutes nos suites et dans certaines chambres moyennant un suppl\u00e9ment de 40 euros.<\/span>[\/vc_column_text][\/vc_column_inner][\/vc_row_inner][vc_empty_space empty_h=\u00a0\u00bb2&Prime;][\/vc_column][\/vc_row]<\/p>\n<\/div>","protected":false},"excerpt":{"rendered":"<p>[vc_row row_height_percent=\u00a0\u00bb0&Prime; override_padding=\u00a0\u00bbyes\u00a0\u00bb h_padding=\u00a0\u00bb0&Prime; top_padding=\u00a0\u00bb1&Prime; bottom_padding=\u00a0\u00bb1&Prime; back_color=\u00a0\u00bbcolor-187530&Prime; overlay_alpha=\u00a0\u00bb50&Prime; gutter_size=\u00a0\u00bb0&Prime; column_width_percent=\u00a0\u00bb0&Prime; shift_y=\u00a0\u00bb0&Prime; z_index=\u00a0\u00bb0&Prime;][vc_column column_width_percent=\u00a0\u00bb100&Prime; align_horizontal=\u00a0\u00bbalign_center\u00a0\u00bb gutter_size=\u00a0\u00bb3&Prime; style=\u00a0\u00bbdark\u00a0\u00bb overlay_alpha=\u00a0\u00bb50&Prime; shift_x=\u00a0\u00bb0&Prime; shift_y=\u00a0\u00bb0&Prime; shift_y_down=\u00a0\u00bb0&Prime; z_index=\u00a0\u00bb0&Prime; medium_width=\u00a0\u00bb0&Prime; mobile_width=\u00a0\u00bb0&Prime; width=\u00a0\u00bb1\/1&Prime;][\/vc_column][\/vc_row][vc_row unlock_row_content=\u00a0\u00bbyes\u00a0\u00bb row_height_percent=\u00a0\u00bb0&Prime; back_image=\u00a0\u00bb85417&Prime; overlay_alpha=\u00a0\u00bb50&Prime; gutter_size=\u00a0\u00bb3&Prime; column_width_percent=\u00a0\u00bb100&Prime; border_color=\u00a0\u00bbcolor-187530&Prime; border_style=\u00a0\u00bbsolid\u00a0\u00bb shift_y=\u00a0\u00bb0&Prime; z_index=\u00a0\u00bb0&Prime; css=\u00a0\u00bb.vc_custom_1597655589110{border-bottom-width: 2px !important;}\u00a0\u00bb shape_dividers=\u00a0\u00bb\u00a0\u00bb][vc_column column_width_percent=\u00a0\u00bb100&Prime; gutter_size=\u00a0\u00bb3&Prime; style=\u00a0\u00bbdark\u00a0\u00bb overlay_alpha=\u00a0\u00bb50&Prime; shift_x=\u00a0\u00bb0&Prime; shift_y=\u00a0\u00bb0&Prime; shift_y_down=\u00a0\u00bb0&Prime; z_index=\u00a0\u00bb0&Prime; medium_width=\u00a0\u00bb0&Prime; mobile_width=\u00a0\u00bb0&Prime; width=\u00a0\u00bb1\/1&Prime;][vc_empty_space empty_h=\u00a0\u00bb2&Prime;][vc_row_inner row_inner_height_percent=\u00a0\u00bb0&Prime; overlay_alpha=\u00a0\u00bb50&Prime; gutter_size=\u00a0\u00bb3&Prime; shift_y=\u00a0\u00bb0&Prime; z_index=\u00a0\u00bb0&Prime;][vc_column_inner column_width_percent=\u00a0\u00bb100&Prime; gutter_size=\u00a0\u00bb3&Prime; style=\u00a0\u00bbdark\u00a0\u00bb font_family=\u00a0\u00bbfont-762333&Prime; overlay_color=\u00a0\u00bbcolor-187530&Prime; overlay_alpha=\u00a0\u00bb86&Prime; shift_x=\u00a0\u00bb0&Prime; shift_y=\u00a0\u00bb0&Prime; shift_y_down=\u00a0\u00bb0&Prime; z_index=\u00a0\u00bb0&Prime; medium_width=\u00a0\u00bb0&Prime; mobile_width=\u00a0\u00bb0&Prime; width=\u00a0\u00bb1\/2&Prime; css=\u00a0\u00bb.vc_custom_1595576364097{padding-top: 10px !important;padding-right: 10px !important;padding-bottom: 10px !important;padding-left: 10px !important;}\u00a0\u00bb][vc_column_text]<\/p>\n","protected":false},"author":1,"featured_media":0,"parent":0,"menu_order":0,"comment_status":"closed","ping_status":"closed","template":"","meta":{"om_disable_all_campaigns":false,"_monsterinsights_skip_tracking":false,"_monsterinsights_sitenote_active":false,"_monsterinsights_sitenote_note":"","_monsterinsights_sitenote_category":0,"_uf_show_specific_survey":0,"_uf_disable_surveys":false,"footnotes":""},"class_list":["post-86136","page","type-page","status-publish","hentry"],"aioseo_notices":[],"_links":{"self":[{"href":"https:\/\/riadorangeraie.com\/fr\/wp-json\/wp\/v2\/pages\/86136","targetHints":{"allow":["GET"]}}],"collection":[{"href":"https:\/\/riadorangeraie.com\/fr\/wp-json\/wp\/v2\/pages"}],"about":[{"href":"https:\/\/riadorangeraie.com\/fr\/wp-json\/wp\/v2\/types\/page"}],"author":[{"embeddable":true,"href":"https:\/\/riadorangeraie.com\/fr\/wp-json\/wp\/v2\/users\/1"}],"replies":[{"embeddable":true,"href":"https:\/\/riadorangeraie.com\/fr\/wp-json\/wp\/v2\/comments?post=86136"}],"version-history":[{"count":1,"href":"https:\/\/riadorangeraie.com\/fr\/wp-json\/wp\/v2\/pages\/86136\/revisions"}],"predecessor-version":[{"id":95858,"href":"https:\/\/riadorangeraie.com\/fr\/wp-json\/wp\/v2\/pages\/86136\/revisions\/95858"}],"wp:attachment":[{"href":"https:\/\/riadorangeraie.com\/fr\/wp-json\/wp\/v2\/media?parent=86136"}],"curies":[{"name":"wp","href":"https:\/\/api.w.org\/{rel}","templated":true}]}}