{"id":86157,"date":"2020-10-03T19:26:21","date_gmt":"2020-10-03T19:26:21","guid":{"rendered":"https:\/\/www.riadorangeraie.com\/restaurants-recommandes-a-marrakech\/"},"modified":"2025-05-21T18:12:49","modified_gmt":"2025-05-21T16:12:49","slug":"restaurants-recommandes-a-marrakech","status":"publish","type":"page","link":"https:\/\/riadorangeraie.com\/fr\/restaurants-recommandes-a-marrakech\/","title":{"rendered":"Restaurants recommand\u00e9s \u00e0 Marrakech"},"content":{"rendered":"<div class=\"wpb-content-wrapper\"><p>[vc_row unlock_row_content=\u00a0\u00bbyes\u00a0\u00bb row_height_percent=\u00a0\u00bb0&Prime; back_image=\u00a0\u00bb85654&Prime; overlay_alpha=\u00a0\u00bb50&Prime; gutter_size=\u00a0\u00bb3&Prime; column_width_percent=\u00a0\u00bb100&Prime; border_color=\u00a0\u00bbcolor-187530&Prime; border_style=\u00a0\u00bbsolid\u00a0\u00bb shift_y=\u00a0\u00bb0&Prime; z_index=\u00a0\u00bb0&Prime; css=\u00a0\u00bb.vc_custom_1598607692429{border-top-width: 2px !important;border-bottom-width: 2px !important;}\u00a0\u00bb][vc_column column_width_percent=\u00a0\u00bb100&Prime; gutter_size=\u00a0\u00bb0&Prime; style=\u00a0\u00bbdark\u00a0\u00bb overlay_alpha=\u00a0\u00bb50&Prime; shift_x=\u00a0\u00bb0&Prime; shift_y=\u00a0\u00bb0&Prime; shift_y_down=\u00a0\u00bb0&Prime; z_index=\u00a0\u00bb0&Prime; medium_width=\u00a0\u00bb0&Prime; mobile_width=\u00a0\u00bb0&Prime; width=\u00a0\u00bb1\/1&Prime;][vc_empty_space empty_h=\u00a0\u00bb2&Prime;][vc_row_inner row_inner_height_percent=\u00a0\u00bb0&Prime; overlay_alpha=\u00a0\u00bb50&Prime; gutter_size=\u00a0\u00bb3&Prime; shift_y=\u00a0\u00bb0&Prime; z_index=\u00a0\u00bb0&Prime;][vc_column_inner column_width_percent=\u00a0\u00bb100&Prime; gutter_size=\u00a0\u00bb0&Prime; style=\u00a0\u00bbdark\u00a0\u00bb font_family=\u00a0\u00bbfont-762333&Prime; overlay_color=\u00a0\u00bbcolor-187530&Prime; overlay_alpha=\u00a0\u00bb81&Prime; shift_x=\u00a0\u00bb0&Prime; shift_y=\u00a0\u00bb0&Prime; shift_y_down=\u00a0\u00bb0&Prime; z_index=\u00a0\u00bb0&Prime; medium_width=\u00a0\u00bb0&Prime; mobile_width=\u00a0\u00bb0&Prime; width=\u00a0\u00bb1\/2&Prime;][vc_column_text css=\u00a0\u00bb.vc_custom_1602259009424{padding-top: 30px !important;padding-right: 20px !important;padding-bottom: 30px !important;padding-left: 20px !important;}\u00a0\u00bb el_class=\u00a0\u00bbwrapper-title-page\u00a0\u00bb]<\/p>\n<h2>Restaurants recommand\u00e9s \u00e0 Marrakech<\/h2>\n<p>[\/vc_column_text][vc_column_text css=\u00a0\u00bb.vc_custom_1674556097732{padding-top: 30px !important;padding-right: 20px !important;padding-bottom: 30px !important;padding-left: 20px !important;}\u00a0\u00bb uncode_shortcode_id=\u00a0\u00bb128407&Prime;]<b>Marocain traditionnel haut de gamme:<\/b><span style=\"font-weight: 400;\">:<\/span><\/p>\n<p><a href=\"http:\/\/www.alfassia.com\/\" target=\"_blank\" rel=\"noopener noreferrer\"><b><i><span style=\"text-decoration: underline;\">Al Fassia<\/span><\/i><\/b><\/a><b><i><br \/>\n<\/i><\/b><span style=\"font-weight: 400;\">Al Fassia est un restaurant g\u00e9r\u00e9 uniquement par des femmes d\u2019o\u00f9 son nom qui d\u00e9signe l\u2019habitante de Fez. Les repas sont servis de mani\u00e8re traditionnelle et la nourriture est d\u00e9licieuse. Il y a 2 succursales du restaurant: la plus ancienne est \u00e0 Gueliz et poss\u00e8de une jolie salle \u00e0 manger. Ne payez pas plus de 50 Dirhams par trajet si le chauffeur de taxi refuse de mettre le compteur, ce qui arrive malheureusement la plupart du temps.<br \/>\n<\/span><strong>Adresse: 55 Boulevard Zerktouni Marrakech Gueliz<br \/>\nTel:\u00a0 05 24 43 40 60<\/strong><\/p>\n<p><span style=\"font-weight: 400;\">Le restaurant le plus r\u00e9cent est \u00e0 Aguedal, juste \u00e0 l&rsquo;ext\u00e9rieur du centre-ville de Marrakech, et dispose d&rsquo;un beau jardin pour les repas en plein air.<br \/>\n<\/span><strong>Adresse: 9 Bis Zone touristique de l\u2019Aguedal km2 Route de l\u2019Ourika<br \/>\nTel: 05 24 38 11 38 or 05 24 38 38 39<\/strong><\/p>\n<p><a href=\"http:\/\/www.lamaisonarabe.com\/\" target=\"_blank\" rel=\"noopener noreferrer\"><b><i><span style=\"text-decoration: underline;\">La Maison Arabe<\/span><\/i><\/b><\/a><span style=\"font-weight: 400;\"><br \/>\n<\/span><\/p>\n<p><span style=\"font-weight: 400;\">A seulement 10 minutes \u00e0 pied de notre riad, ce somptueux h\u00f4tel sert une excellente cuisine authentique autour d\u2019une belle piscine et accompagn\u00e9e de musique traditionnelle.<br \/>\n<\/span><strong>Adresse: 1, Derb Assehb\u00e9 Bab Doukkala<br \/>\nTel: 05 24 38 70 10<\/strong><\/p>\n<p><b><i><span style=\"text-decoration: underline;\">Tobsil<\/span><\/i><\/b><\/p>\n<p><span style=\"font-weight: 400;\">Situ\u00e9 \u00e0 quelques pas du riad, pr\u00e8s de la porte de la ville, le restaurant a un fantastique\u00a0<\/span><span style=\"font-weight: 400;\">menu mais il est fixe donc attention: il y a beaucoup \u00e0 manger ;:)!<br \/>\n<\/span><strong>Adresse: Derb Abdellah Ben Hessein , R&rsquo;Mila Bab Ksour<br \/>\nTel: 05 24 44 40 52<\/strong><\/p>\n<p><b>Marocain d\u00e9contract\u00e9, bon rapport qualit\u00e9 prix:<\/b><\/p>\n<p><a href=\"http:\/\/www.lmidamarrakech.com\/\" target=\"_blank\" rel=\"noopener\"><b><i><span style=\"text-decoration: underline;\">L&rsquo;Mida<\/span><\/i><\/b><\/a><span style=\"font-weight: 400;\"><br \/>\n<\/span><span style=\"font-weight: 400;\">Une nouvelle adresse qui fait un tabac parmi nos clients. Encore un nouveau roof top o\u00f9 la cuisine est traditionnelle mais revisit\u00e9e. Un vrai d\u00e9lice. Le restaurant ne sert pas d\u2019alcool.<br \/>\n<\/span><strong>Address: 78 bis Derb Nkhel Rahba Kdima,<br \/>\nTel: 05 24 44 36 62<\/strong><\/p>\n<p><a href=\"https:\/\/kabana-marrakech.com\/\" target=\"_blank\" rel=\"noopener\"><b><i><span style=\"text-decoration: underline;\">Kabana<\/span><\/i><\/b><\/a><span style=\"font-weight: 400;\"><br \/>\n<\/span><span style=\"font-weight: 400;\">Le roof top \u00e0 la mode en ce moment. Depuis son ouverture, le restaurant ne d\u00e9semplit pas. Une carte espagnole, une carte asiatique, un staff avenant et efficace, de la bonne musique la recette fonctionne \u00e0 merveille.<br \/>\n<\/span><strong>Address: 1 Kissariat ben khaled R&rsquo;mila, Rue Lalla Fatima Zahra,<br \/>\nTel: 06 64 46 44 50<\/strong><\/p>\n<p><span style=\"text-decoration: underline;\"><a href=\"https:\/\/nomadmarrakech.com\/en\/\" target=\"_blank\" rel=\"noopener noreferrer\"><b><i>Nomad<\/i><\/b><\/a><\/span><\/p>\n<p><span style=\"font-weight: 400;\">Cet \u00e9tablissement est d&rsquo;un bon rapport qualit\u00e9\/prix. Il se situe sur la place des \u00e9pices \u00e0 proximit\u00e9 du Riad et vous pouvez vous y rendre \u00e0 pied, mais sur le chemin du retour les souks seront ferm\u00e9s donc vous aurez besoin de les contourner. La nourriture est g\u00e9n\u00e9ralement de bonne qualit\u00e9. N\u2019h\u00e9sitez pas \u00e0 nous demander de r\u00e9server pour vous une table sur la terrasse sup\u00e9rieure o\u00f9 la vue est splendide. Notez que ce restaurant ne sert pas d&rsquo;alcool.<br \/>\n<\/span><strong>Adresse: 1 Derb Aarjane, Medina<br \/>\nTel: 05 24 38 16 09<\/strong>[\/vc_column_text][vc_empty_space empty_h=\u00a0\u00bb1&Prime;][\/vc_column_inner][vc_column_inner column_width_percent=\u00a0\u00bb100&Prime; gutter_size=\u00a0\u00bb3&Prime; style=\u00a0\u00bbdark\u00a0\u00bb overlay_color=\u00a0\u00bbcolor-187530&Prime; overlay_alpha=\u00a0\u00bb81&Prime; shift_x=\u00a0\u00bb0&Prime; shift_y=\u00a0\u00bb0&Prime; shift_y_down=\u00a0\u00bb0&Prime; z_index=\u00a0\u00bb0&Prime; medium_width=\u00a0\u00bb0&Prime; mobile_width=\u00a0\u00bb0&Prime; width=\u00a0\u00bb1\/2&Prime;][\/vc_column_inner][\/vc_row_inner][vc_empty_space empty_h=\u00a0\u00bb2&Prime;][\/vc_column][\/vc_row][vc_row unlock_row_content=\u00a0\u00bbyes\u00a0\u00bb row_height_percent=\u00a0\u00bb0&Prime; back_image=\u00a0\u00bb83666&Prime; overlay_alpha=\u00a0\u00bb50&Prime; gutter_size=\u00a0\u00bb3&Prime; column_width_percent=\u00a0\u00bb100&Prime; border_color=\u00a0\u00bbcolor-187530&Prime; border_style=\u00a0\u00bbsolid\u00a0\u00bb shift_y=\u00a0\u00bb0&Prime; z_index=\u00a0\u00bb0&Prime; css=\u00a0\u00bb.vc_custom_1596447729588{border-bottom-width: 2px !important;}\u00a0\u00bb][vc_column width=\u00a0\u00bb1\/2&Prime;][\/vc_column][vc_column column_width_percent=\u00a0\u00bb100&Prime; gutter_size=\u00a0\u00bb0&Prime; style=\u00a0\u00bbdark\u00a0\u00bb font_family=\u00a0\u00bbfont-762333&Prime; overlay_color=\u00a0\u00bbcolor-187530&Prime; overlay_alpha=\u00a0\u00bb70&Prime; shift_x=\u00a0\u00bb0&Prime; shift_y=\u00a0\u00bb0&Prime; shift_y_down=\u00a0\u00bb0&Prime; z_index=\u00a0\u00bb0&Prime; medium_width=\u00a0\u00bb0&Prime; mobile_width=\u00a0\u00bb0&Prime; width=\u00a0\u00bb1\/2&Prime;][vc_empty_space empty_h=\u00a0\u00bb2&Prime;][vc_column_text css=\u00a0\u00bb.vc_custom_1747843958311{padding-top: 30px !important;padding-right: 20px !important;padding-bottom: 30px !important;padding-left: 20px !important;}\u00a0\u00bb uncode_shortcode_id=\u00a0\u00bb780566&Prime;]<b>Moroccan-Thai fusion:<\/b><\/p>\n<p><a href=\"http:\/\/www.bo-zin.com\/\" target=\"_blank\" rel=\"noopener noreferrer\"><b><i><span style=\"text-decoration: underline;\">B\u00f4 and Zin<\/span><\/i><\/b><\/a><span style=\"font-weight: 400;\"><br \/>\n<\/span><\/p>\n<p><span style=\"font-weight: 400;\">L\u2019ambiance ici est chic et d\u00e9contract\u00e9e, et c\u2019est l\u2019endroit o\u00f9 \u00eatre vu \u00e0 Marrakech. La nourriture est bonne mais ch\u00e8re. Le restaurant devient \u00abclubby\u00bb apr\u00e8s 23h00, avec des DJ sets. Il est situ\u00e9 \u00e0 3,5 km de Marrakech; nous vous recommandons de nous demander de vous r\u00e9server une voiture avec chauffeur aller-retour.<br \/>\n<\/span><strong>Adresse: Route de l\u2019Ourika 3,5 km<\/strong><br \/>\n<strong>Tel: 05 24 38 80 12<\/strong><\/p>\n<p><b>French brasseries:<\/b><\/p>\n<p><a href=\"http:\/\/www.grandcafedelaposte-marrakech.com\/\" target=\"_blank\" rel=\"noopener noreferrer\"><b><i><span style=\"text-decoration: underline;\">Le Grand Caf\u00e9 de la Poste<\/span><\/i><\/b><\/a><span style=\"font-weight: 400;\"><br \/>\n<\/span><\/p>\n<p><span style=\"font-weight: 400;\">Un superbe restaurant \u00e0 la d\u00e9coration colonial, situ\u00e9e dans la nouvelle ville \u2018Gueliz\u2019, qui a pris place dans l&rsquo;ancien bureau de poste de Marrakech. C&rsquo;est une bonne option pour le d\u00e9jeuner, car la terrasse reste relativement calme et une option romantique et hors du temps pour d\u00eener. Le bar au deuxi\u00e8me \u00e9tage est l&rsquo;un des meilleurs de la ville: calme, chic et branch\u00e9.<br \/>\n<\/span><strong>Adresse: Angle Boulevard El Mansour Eddahbi and Avenue Imam Malik \u00e0 Gueliz<br \/>\nTel: 05 24 43 30 38<\/strong><\/p>\n<p><b><i>Le Petit Cornichon<br \/>\n<\/i><\/b><\/p>\n<p><span style=\"font-weight: 400;\">On adore ce restaurant qui propose une d\u00e9licieuse cuisine fran\u00e7aise revisit\u00e9e dans une ambiance feutr\u00e9e. Il est populaire aupr\u00e8s des expatri\u00e9s fran\u00e7ais de Marrakech.<br \/>\n<\/span><strong>Adresse: 27 Rue Moulay Ali \u00e0 Gueliz<br \/>\nTel: 05 24 42 12 51<\/strong><\/p>\n<p><b>Italian:<\/b><\/p>\n<p><span style=\"text-decoration: underline;\"><a href=\"http:\/\/www.facebook.com\/CatanzaroMarrakech\" target=\"_blank\" rel=\"noopener noreferrer\"><b>Catanzaro<\/b><\/a><\/span><b><br \/>\n<\/b><\/p>\n<p><span style=\"font-weight: 400;\">Cet excellent restaurant de p\u00e2tes et de pizzas \u00e0 Gueliz est populaire aupr\u00e8s des expatri\u00e9s italiens &#8211; toujours bon signe!<br \/>\n<\/span><strong>Adresse: Rue Tariq Bnou Ziad \u00e0 Gueliz<br \/>\nTel: 05-24-43-37-31<\/strong><\/p>\n<p><b>Restaurants plus festifs:<\/b><\/p>\n<p><span style=\"text-decoration: underline;\"><a href=\"http:\/\/www.comptoirmarrakech.com\/\" target=\"_blank\" rel=\"noopener noreferrer\"><b><i>Comptoir Darna<\/i><\/b><\/a><\/span><span style=\"font-weight: 400;\"><br \/>\n<\/span><\/p>\n<p><span style=\"font-weight: 400;\">Un restaurant au rez-de-chauss\u00e9e, un bar-discoth\u00e8que au premier \u00e9tage et un petit\u00a0<\/span><span style=\"font-weight: 400;\">patio pour fumer la chicha, ce lieu est une institution \u00e0 Marrakech. Le d\u00e9cor est\u00a0<\/span><span style=\"font-weight: 400;\">branch\u00e9 et la nourriture est un \u00e9l\u00e9gant m\u00e9lange de saveurs mondiales. Ne partez pas avant 22h00; c\u2019est alors que les danseuses du ventre arrivent\u2026<br \/>\n<\/span><strong>Adresse: Avenue Echouhada \u00e0 Gu\u00e9liz<br \/>\nTel: 05 24 43 77 02<\/strong><\/p>\n<p><b><i><span style=\"text-decoration: underline;\">Jad Mahal<\/span> <\/i><\/b><span style=\"font-weight: 400;\"><br \/>\n<\/span><\/p>\n<p><span style=\"font-weight: 400;\">L\u2019ambiance pendant le d\u00eener est parfois un peu bruyante mais venez pour les cocktails et le super groupe qui joue live tous les soirs.<br \/>\n<\/span><strong>Adresse: Rue Haroun Errachid \u00e0 Gueliz<br \/>\nTel: 05 24 43 69 84<\/strong><\/p>\n<p><b>Restaurants pour lunch:<\/b><\/p>\n<p><span style=\"text-decoration: underline;\"><a href=\"http:\/\/www.lejardin.ma\/\" target=\"_blank\" rel=\"noopener noreferrer\"><b><i>Le Jardin<\/i><\/b><\/a><\/span><span style=\"font-weight: 400;\"><br \/>\n<\/span><\/p>\n<p><span style=\"font-weight: 400;\">Situ\u00e9 \u00e0 seulement 5 minutes du riad, c&rsquo;est une belle oasis \u00e0 l\u2019abris de la chaleur et au milieu des<\/span><span style=\"font-weight: 400;\">\u00a0souks. Boissons et repas l\u00e9gers dans un jardin secret.<br \/>\n<\/span><strong>Adresse: 32, Souk Sidi Abdelaziz<br \/>\nTel: 05 24 37 82 95<\/strong><\/p>\n<p><span style=\"text-decoration: underline;\"><a href=\"https:\/\/www.dar-cherifa.com\/\" target=\"_blank\" rel=\"noopener noreferrer\"><b><i>Dar Cherifa<\/i><\/b><\/a><\/span><span style=\"font-weight: 400;\"><br \/>\n<\/span><\/p>\n<p><span style=\"font-weight: 400;\">Notre endroit pr\u00e9f\u00e9r\u00e9 pour le d\u00e9jeuner. Situ\u00e9 dans un magnifique b\u00e2timent du XVIIe si\u00e8cle, la nourriture est bonne, l&rsquo;ambiance calme et conviviale, et les prix restent tr\u00e8s correctes. Situ\u00e9 \u00e0 2 minutes \u00e0 pied du riad, n\u2019h\u00e9sitez pas \u00e0 nous demander de vous montrer le chemin. Remarque, ce restaurant ne sert pas d&rsquo;alcool.<br \/>\n<\/span><strong>Adresse: 8 Derb Chorfa Lakbir &#8211; Mouassine<br \/>\nTel: 05 24 42 64 63<\/strong><\/p>\n<p><a href=\"https:\/\/villa-aaron.com\/fr\/\" target=\"_blank\" rel=\"noopener noreferrer\"><b><i>Villa Aaron<\/i><\/b><\/a><\/p>\n<p>Ne vous laissez pas influencer par le quartier un peu en dehors des circuits touristiques. Une fois au restaurant, vous d\u00e9couvrirez une ambiance tr\u00e8s agr\u00e9able, originale \u00e0 Marrakech, et un service impeccable. Les plats, un savant m\u00e9lange de classique et de fusion, sont tous de qualit\u00e9 et une excellente carte de cocktails ce qui est plut\u00f4t rare \u00e0 Marrakech. Cerise sur le g\u00e2teau, un groupe de musique vous animera tout au long de la soir\u00e9e.<br \/>\n<strong>Adresse: N\u00b07 rue Ibn Rochd, Marrakech<br \/>\nTel: + 212 669 090828<br \/>\n<\/strong><\/p>\n<p><a href=\"https:\/\/www.lemapmarrakech.com\/shams\" target=\"_blank\" rel=\"noopener\"><em><strong>Shams Rooftop Marrakech<\/strong><\/em><\/a><\/p>\n<p>Shams est situ\u00e9 sur la terrasse jardin du mus\u00e9e Le Monde des Arts de la Parure. La nourriture d&rsquo;inspiration levantine est d\u00e9licieuse et l&rsquo;ambiance conviviale. Id\u00e9al si vous \u00eates dans le quartier des palais pour un d\u00e9jeuner apr\u00e8s les visites.<br \/>\n<strong>Adresse: Le MAP Marrakech &#8211; Monde des Arts de la Parure<br \/>\n39, 40 Ksibat Nhass, Marrakech 40000, Morocco<br \/>\nTel: +212 8086-18980<br \/>\n<\/strong>[\/vc_column_text][vc_row_inner row_inner_height_percent=\u00a0\u00bb0&Prime; overlay_alpha=\u00a0\u00bb50&Prime; gutter_size=\u00a0\u00bb3&Prime; shift_y=\u00a0\u00bb0&Prime; z_index=\u00a0\u00bb0&Prime;][vc_column_inner column_width_percent=\u00a0\u00bb100&Prime; align_horizontal=\u00a0\u00bbalign_center\u00a0\u00bb gutter_size=\u00a0\u00bb0&Prime; style=\u00a0\u00bbdark\u00a0\u00bb font_family=\u00a0\u00bbfont-762333&Prime; overlay_alpha=\u00a0\u00bb50&Prime; shift_x=\u00a0\u00bb0&Prime; shift_y=\u00a0\u00bb0&Prime; shift_y_down=\u00a0\u00bb0&Prime; z_index=\u00a0\u00bb0&Prime; medium_width=\u00a0\u00bb0&Prime; mobile_width=\u00a0\u00bb0&Prime; width=\u00a0\u00bb1\/3&Prime;][vc_icon icon=\u00a0\u00bbfa fa-cutlery\u00a0\u00bb icon_color=\u00a0\u00bbcolor-138194&Prime; background_style=\u00a0\u00bbfa-rounded\u00a0\u00bb size=\u00a0\u00bbfa-2x\u00a0\u00bb shadow=\u00a0\u00bbyes\u00a0\u00bb link=\u00a0\u00bburl:https%3A%2F%2Fwww.riadorangeraie.com%2Ffr%2Frestaurants-recommandes-a-marrakech%2F|title:Restaurants%20recommand%C3%A9s%20%C3%A0%20Marrakech\u00a0\u00bb][\/vc_icon][vc_empty_space empty_h=\u00a0\u00bb1&Prime;][vc_column_text]<\/p>\n<h5><span style=\"text-decoration: underline;\"><a href=\"https:\/\/www.riadorangeraie.com\/fr\/restaurants-recommandes-a-marrakech\/\">Nos restaurants favoris<\/a><\/span><\/h5>\n<p>[\/vc_column_text][\/vc_column_inner][vc_column_inner column_width_percent=\u00a0\u00bb100&Prime; align_horizontal=\u00a0\u00bbalign_center\u00a0\u00bb gutter_size=\u00a0\u00bb0&Prime; style=\u00a0\u00bbdark\u00a0\u00bb font_family=\u00a0\u00bbfont-762333&Prime; overlay_alpha=\u00a0\u00bb50&Prime; shift_x=\u00a0\u00bb0&Prime; shift_y=\u00a0\u00bb0&Prime; shift_y_down=\u00a0\u00bb0&Prime; z_index=\u00a0\u00bb0&Prime; medium_width=\u00a0\u00bb0&Prime; mobile_width=\u00a0\u00bb0&Prime; width=\u00a0\u00bb1\/3&Prime;][vc_icon icon=\u00a0\u00bbfa fa-shopping-basket\u00a0\u00bb icon_color=\u00a0\u00bbcolor-138194&Prime; background_style=\u00a0\u00bbfa-rounded\u00a0\u00bb size=\u00a0\u00bbfa-2x\u00a0\u00bb shadow=\u00a0\u00bbyes\u00a0\u00bb link=\u00a0\u00bburl:https%3A%2F%2Fwww.riadorangeraie.com%2Ffr%2Fnos-boutiques-recommandees%2F|title:Nos%20boutiques%20recommand%C3%A9es\u00a0\u00bb][\/vc_icon][vc_empty_space empty_h=\u00a0\u00bb1&Prime;][vc_column_text]<\/p>\n<h5><span style=\"text-decoration: underline;\"><a href=\"https:\/\/www.riadorangeraie.com\/fr\/nos-boutiques-recommandees\/\"><b>Nos boutiques recommand\u00e9es<\/b><\/a><\/span><\/h5>\n<p>[\/vc_column_text][\/vc_column_inner][vc_column_inner column_width_percent=\u00a0\u00bb100&Prime; align_horizontal=\u00a0\u00bbalign_center\u00a0\u00bb gutter_size=\u00a0\u00bb0&Prime; style=\u00a0\u00bbdark\u00a0\u00bb font_family=\u00a0\u00bbfont-762333&Prime; overlay_alpha=\u00a0\u00bb50&Prime; shift_x=\u00a0\u00bb0&Prime; shift_y=\u00a0\u00bb0&Prime; shift_y_down=\u00a0\u00bb0&Prime; z_index=\u00a0\u00bb0&Prime; medium_width=\u00a0\u00bb0&Prime; mobile_width=\u00a0\u00bb0&Prime; width=\u00a0\u00bb1\/3&Prime;][vc_icon icon=\u00a0\u00bbfa fa-book\u00a0\u00bb icon_color=\u00a0\u00bbcolor-138194&Prime; background_style=\u00a0\u00bbfa-rounded\u00a0\u00bb size=\u00a0\u00bbfa-2x\u00a0\u00bb shadow=\u00a0\u00bbyes\u00a0\u00bb link=\u00a0\u00bburl:https%3A%2F%2Fwww.riadorangeraie.com%2Ffr%2Flivres-et-films-sur-le-maroc%2F|title:Livres%20et%20films%20sur%20le%20Maroc\u00a0\u00bb][\/vc_icon][vc_empty_space empty_h=\u00a0\u00bb1&Prime;][vc_column_text]<\/p>\n<h5><span style=\"text-decoration: underline;\"><a href=\"https:\/\/www.riadorangeraie.com\/fr\/livres-et-films-sur-le-maroc\/\">Livres et films<\/a><\/span><\/h5>\n<p>[\/vc_column_text][\/vc_column_inner][\/vc_row_inner][vc_empty_space empty_h=\u00a0\u00bb2&Prime;][\/vc_column][\/vc_row]<\/p>\n<\/div>","protected":false},"excerpt":{"rendered":"<p>[vc_row unlock_row_content=\u00a0\u00bbyes\u00a0\u00bb row_height_percent=\u00a0\u00bb0&Prime; back_image=\u00a0\u00bb83645&Prime; overlay_alpha=\u00a0\u00bb50&Prime; gutter_size=\u00a0\u00bb3&Prime; column_width_percent=\u00a0\u00bb100&Prime; border_color=\u00a0\u00bbcolor-187530&Prime; border_style=\u00a0\u00bbsolid\u00a0\u00bb shift_y=\u00a0\u00bb0&Prime; z_index=\u00a0\u00bb0&Prime; css=\u00a0\u00bb.vc_custom_1596447750685{border-top-width: 2px !important;border-bottom-width: 2px !important;}\u00a0\u00bb][vc_column column_width_percent=\u00a0\u00bb100&Prime; gutter_size=\u00a0\u00bb3&Prime; style=\u00a0\u00bbdark\u00a0\u00bb overlay_alpha=\u00a0\u00bb50&Prime; shift_x=\u00a0\u00bb0&Prime; shift_y=\u00a0\u00bb0&Prime; shift_y_down=\u00a0\u00bb0&Prime; z_index=\u00a0\u00bb0&Prime; medium_width=\u00a0\u00bb0&Prime; mobile_width=\u00a0\u00bb0&Prime; width=\u00a0\u00bb1\/1&Prime;][vc_empty_space empty_h=\u00a0\u00bb2&Prime;][vc_row_inner row_inner_height_percent=\u00a0\u00bb0&Prime; overlay_alpha=\u00a0\u00bb50&Prime; gutter_size=\u00a0\u00bb3&Prime; shift_y=\u00a0\u00bb0&Prime; z_index=\u00a0\u00bb0&Prime;][vc_column_inner column_width_percent=\u00a0\u00bb100&Prime; gutter_size=\u00a0\u00bb3&Prime; style=\u00a0\u00bbdark\u00a0\u00bb font_family=\u00a0\u00bbfont-762333&Prime; overlay_color=\u00a0\u00bbcolor-187530&Prime; overlay_alpha=\u00a0\u00bb81&Prime; shift_x=\u00a0\u00bb0&Prime; shift_y=\u00a0\u00bb0&Prime; shift_y_down=\u00a0\u00bb0&Prime; z_index=\u00a0\u00bb0&Prime; medium_width=\u00a0\u00bb0&Prime; mobile_width=\u00a0\u00bb0&Prime; width=\u00a0\u00bb1\/2&Prime;][vc_column_text css=\u00a0\u00bb.vc_custom_1596534246972{padding-top: 30px !important;padding-right: 20px !important;padding-bottom: 30px !important;padding-left: 20px !important;}\u00a0\u00bb]<\/p>\n","protected":false},"author":1,"featured_media":0,"parent":0,"menu_order":0,"comment_status":"closed","ping_status":"closed","template":"","meta":{"om_disable_all_campaigns":false,"_monsterinsights_skip_tracking":false,"_monsterinsights_sitenote_active":false,"_monsterinsights_sitenote_note":"","_monsterinsights_sitenote_category":0,"_uf_show_specific_survey":0,"_uf_disable_surveys":false,"footnotes":""},"class_list":["post-86157","page","type-page","status-publish","hentry"],"aioseo_notices":[],"_links":{"self":[{"href":"https:\/\/riadorangeraie.com\/fr\/wp-json\/wp\/v2\/pages\/86157","targetHints":{"allow":["GET"]}}],"collection":[{"href":"https:\/\/riadorangeraie.com\/fr\/wp-json\/wp\/v2\/pages"}],"about":[{"href":"https:\/\/riadorangeraie.com\/fr\/wp-json\/wp\/v2\/types\/page"}],"author":[{"embeddable":true,"href":"https:\/\/riadorangeraie.com\/fr\/wp-json\/wp\/v2\/users\/1"}],"replies":[{"embeddable":true,"href":"https:\/\/riadorangeraie.com\/fr\/wp-json\/wp\/v2\/comments?post=86157"}],"version-history":[{"count":13,"href":"https:\/\/riadorangeraie.com\/fr\/wp-json\/wp\/v2\/pages\/86157\/revisions"}],"predecessor-version":[{"id":95893,"href":"https:\/\/riadorangeraie.com\/fr\/wp-json\/wp\/v2\/pages\/86157\/revisions\/95893"}],"wp:attachment":[{"href":"https:\/\/riadorangeraie.com\/fr\/wp-json\/wp\/v2\/media?parent=86157"}],"curies":[{"name":"wp","href":"https:\/\/api.w.org\/{rel}","templated":true}]}}