{"id":86165,"date":"2020-10-03T19:31:51","date_gmt":"2020-10-03T19:31:51","guid":{"rendered":"https:\/\/www.riadorangeraie.com\/nos-boutiques-recommandees\/"},"modified":"2021-06-25T06:28:32","modified_gmt":"2021-06-25T06:28:32","slug":"nos-boutiques-recommandees","status":"publish","type":"page","link":"https:\/\/riadorangeraie.com\/fr\/nos-boutiques-recommandees\/","title":{"rendered":"Nos boutiques recommand\u00e9es"},"content":{"rendered":"<div class=\"wpb-content-wrapper\"><p>[vc_row unlock_row_content=\u00a0\u00bbyes\u00a0\u00bb row_height_percent=\u00a0\u00bb0&Prime; back_image=\u00a0\u00bb85676&Prime; overlay_alpha=\u00a0\u00bb50&Prime; gutter_size=\u00a0\u00bb3&Prime; column_width_percent=\u00a0\u00bb100&Prime; border_color=\u00a0\u00bbcolor-187530&Prime; border_style=\u00a0\u00bbsolid\u00a0\u00bb shift_y=\u00a0\u00bb0&Prime; z_index=\u00a0\u00bb0&Prime; css=\u00a0\u00bb.vc_custom_1602259324707{border-top-width: 2px !important;border-bottom-width: 2px !important;}\u00a0\u00bb][vc_column column_width_percent=\u00a0\u00bb100&Prime; gutter_size=\u00a0\u00bb0&Prime; style=\u00a0\u00bbdark\u00a0\u00bb font_family=\u00a0\u00bbfont-762333&Prime; overlay_color=\u00a0\u00bbcolor-187530&Prime; overlay_alpha=\u00a0\u00bb79&Prime; shift_x=\u00a0\u00bb0&Prime; shift_y=\u00a0\u00bb0&Prime; shift_y_down=\u00a0\u00bb0&Prime; z_index=\u00a0\u00bb0&Prime; medium_width=\u00a0\u00bb0&Prime; mobile_width=\u00a0\u00bb0&Prime; width=\u00a0\u00bb1\/2&Prime;][vc_empty_space empty_h=\u00a0\u00bb2&Prime;][vc_column_text css=\u00a0\u00bb.vc_custom_1602259267856{padding-top: 30px !important;padding-right: 20px !important;padding-bottom: 30px !important;padding-left: 20px !important;}\u00a0\u00bb el_class=\u00a0\u00bbwrapper-title-page\u00a0\u00bb]<\/p>\n<h2>Nos boutiques recommand\u00e9es<b><i><\/i><\/b><b><i><\/i><\/b><\/h2>\n<p>[\/vc_column_text][vc_column_text css=\u00a0\u00bb.vc_custom_1602259252700{padding-top: 30px !important;padding-right: 20px !important;padding-bottom: 30px !important;padding-left: 20px !important;}\u00a0\u00bb]<b>Mustapha Blaoui<br \/>\n<\/b><span style=\"font-weight: 400;\">Situ\u00e9 \u00e0 10 minutes \u00e0 pied du riad, ce magasin embl\u00e9matique est une grotte d&rsquo;Ali Baba de d\u00e9lices artisanaux. Cach\u00e9 derri\u00e8re une porte sans pr\u00e9tention, vous trouverez des lanternes dor\u00e9es \u00e9blouissantes, des soies, des quantit\u00e9s de meubles, des c\u00e9ramiques color\u00e9es et des kilims authentiques. Ils peuvent exp\u00e9dier tous les articles en Europe ou dans les Am\u00e9riques.<br \/>\n<\/span><b><i>Adresse : 144, Arset Aouzal &#8211; Bab Doukkala<\/i><\/b><\/p>\n<p><b>V.Barkowski<br \/>\n<\/b><span style=\"font-weight: 400;\">Just next door is Valerie Barkowski\u2019s dreamy store, offering chic, pared-back home textiles. Valerie has worked with local Marrakechi artisans for over 20 years, using traditional embroidery techniques such as colourful tasselling to embellish her luxury linens. You\u2019ll also find a selection of locally made leather accessories.<br \/>\n<\/span><b><i>Address: 142, Arset Aouzall &#8211; Bab Doukkala<\/i><\/b><\/p>\n<p><b>33 Rue Majorelle<br \/>\n<\/b><span style=\"font-weight: 400;\">Face aux portes du jardin Majorelle, cette boutique haut de gamme pr\u00e9sente des v\u00eatements color\u00e9s, des chaussures faites \u00e0 la main, des bijoux \u00e9blouissants et des articles pour la maison originaux de plus de 100 cr\u00e9ateurs locaux diff\u00e9rents et talentueux.<br \/>\n<\/span><b><i>Adresse: 33 Rue Yves Saint Laurent<\/i><\/b><\/p>\n<p><b>L&rsquo;Art du Bain<br \/>\n<\/b><span style=\"font-weight: 400;\">Cette petite boutique de savons faits \u00e0 la main aux huiles v\u00e9g\u00e9tales sent le jardin, avec de magnifiques senteurs fra\u00eeches de menthe, de fleur d&rsquo;oranger, de jasmin et de romarin. Id\u00e9al pour des souvenirs ou achetez le traditionnel savon-noir \u00e0 emporter dans un hammam local.<br \/>\n<\/span><b><i>Adresse: Souk el Badine Medina<\/i><\/b><\/p>\n<p><b>Hangout<br \/>\n<\/b><span style=\"font-weight: 400;\">Boutique de mode branch\u00e9e vendant des caftans en soie glamour, des bottes kilim et des tuniques et robes boh\u00e8me chic, le tout fait \u00e0 la main et embelli par des artisans locaux.<br \/>\n<\/span><b><i>Adresse: 15 Riad Zitoun En Jdid<\/i><\/b><\/p>\n<p><b>Soufiane<br \/>\n<\/b><span style=\"font-weight: 400;\">Pour les tapis anciens et authentiques tapis berb\u00e8res, dirigez-vous vers cette entreprise familiale \u00e9tablie de longue date. Leurs prix sont justes, ils exp\u00e9dient partout dans le monde et ils tissent \u00e9galement leurs propres cr\u00e9ations contemporaines.<br \/>\n<\/span><b><i>Adresse: 13 Souk de Tapis<\/i><\/b><\/p>\n<p><b>Max &amp; Jan<br \/>\n<\/b><span style=\"font-weight: 400;\">Ce concept store offre une touche internationale aux styles marocains traditionnels, d\u00e9veloppant ainsi une mode ethnique-chic, et des accessoires et articles pour la maison. On aime particuli\u00e8rement leurs colliers surdimensionn\u00e9s et leurs caftans boh\u00e8mes. Ils ont \u00e9galement un restaurant \u00abSoul Food\u00bb sur leur toit-terrasse.<br \/>\n<\/span><b><i>Adresse: 4 Rue Amsefah, Sidi Abdelaziz<\/i><\/b><b><i><\/i><\/b>[\/vc_column_text][vc_row_inner row_inner_height_percent=\u00a0\u00bb0&Prime; overlay_alpha=\u00a0\u00bb50&Prime; gutter_size=\u00a0\u00bb3&Prime; shift_y=\u00a0\u00bb0&Prime; z_index=\u00a0\u00bb0&Prime;][vc_column_inner column_width_percent=\u00a0\u00bb100&Prime; align_horizontal=\u00a0\u00bbalign_center\u00a0\u00bb gutter_size=\u00a0\u00bb0&Prime; style=\u00a0\u00bbdark\u00a0\u00bb font_family=\u00a0\u00bbfont-762333&Prime; overlay_alpha=\u00a0\u00bb50&Prime; shift_x=\u00a0\u00bb0&Prime; shift_y=\u00a0\u00bb0&Prime; shift_y_down=\u00a0\u00bb0&Prime; z_index=\u00a0\u00bb0&Prime; medium_width=\u00a0\u00bb0&Prime; mobile_width=\u00a0\u00bb0&Prime; width=\u00a0\u00bb1\/3&Prime;][vc_icon icon=\u00a0\u00bbfa fa-cutlery\u00a0\u00bb icon_color=\u00a0\u00bbcolor-138194&Prime; background_style=\u00a0\u00bbfa-rounded\u00a0\u00bb size=\u00a0\u00bbfa-2x\u00a0\u00bb shadow=\u00a0\u00bbyes\u00a0\u00bb link=\u00a0\u00bburl:https%3A%2F%2Fwww.riadorangeraie.com%2Ffr%2Frestaurants-recommandes-a-marrakech%2F|title:Restaurants%20recommand%C3%A9s%20%C3%A0%20Marrakech\u00a0\u00bb][\/vc_icon][vc_empty_space empty_h=\u00a0\u00bb1&Prime;][vc_column_text]<\/p>\n<h5><span style=\"text-decoration: underline;\"><a href=\"https:\/\/www.riadorangeraie.com\/fr\/restaurants-recommandes-a-marrakech\/\">Nos restaurants favoris<\/a><\/span><\/h5>\n<p>[\/vc_column_text][\/vc_column_inner][vc_column_inner column_width_percent=\u00a0\u00bb100&Prime; align_horizontal=\u00a0\u00bbalign_center\u00a0\u00bb gutter_size=\u00a0\u00bb0&Prime; style=\u00a0\u00bbdark\u00a0\u00bb font_family=\u00a0\u00bbfont-762333&Prime; overlay_alpha=\u00a0\u00bb50&Prime; shift_x=\u00a0\u00bb0&Prime; shift_y=\u00a0\u00bb0&Prime; shift_y_down=\u00a0\u00bb0&Prime; z_index=\u00a0\u00bb0&Prime; medium_width=\u00a0\u00bb0&Prime; mobile_width=\u00a0\u00bb0&Prime; width=\u00a0\u00bb1\/3&Prime;][vc_icon icon=\u00a0\u00bbfa fa-shopping-basket\u00a0\u00bb icon_color=\u00a0\u00bbcolor-138194&Prime; background_style=\u00a0\u00bbfa-rounded\u00a0\u00bb size=\u00a0\u00bbfa-2x\u00a0\u00bb shadow=\u00a0\u00bbyes\u00a0\u00bb link=\u00a0\u00bburl:https%3A%2F%2Fwww.riadorangeraie.com%2Ffr%2Fnos-boutiques-recommandees%2F|title:Nos%20boutiques%20recommand%C3%A9es\u00a0\u00bb][\/vc_icon][vc_empty_space empty_h=\u00a0\u00bb1&Prime;][vc_column_text]<\/p>\n<h5><span style=\"text-decoration: underline;\"><a href=\"https:\/\/www.riadorangeraie.com\/fr\/nos-boutiques-recommandees\/\"><b>Nos boutiques recommand\u00e9es<\/b><\/a><\/span><\/h5>\n<p>[\/vc_column_text][\/vc_column_inner][vc_column_inner column_width_percent=\u00a0\u00bb100&Prime; align_horizontal=\u00a0\u00bbalign_center\u00a0\u00bb gutter_size=\u00a0\u00bb0&Prime; style=\u00a0\u00bbdark\u00a0\u00bb font_family=\u00a0\u00bbfont-762333&Prime; overlay_alpha=\u00a0\u00bb50&Prime; shift_x=\u00a0\u00bb0&Prime; shift_y=\u00a0\u00bb0&Prime; shift_y_down=\u00a0\u00bb0&Prime; z_index=\u00a0\u00bb0&Prime; medium_width=\u00a0\u00bb0&Prime; mobile_width=\u00a0\u00bb0&Prime; width=\u00a0\u00bb1\/3&Prime;][vc_icon icon=\u00a0\u00bbfa fa-book\u00a0\u00bb icon_color=\u00a0\u00bbcolor-138194&Prime; background_style=\u00a0\u00bbfa-rounded\u00a0\u00bb size=\u00a0\u00bbfa-2x\u00a0\u00bb shadow=\u00a0\u00bbyes\u00a0\u00bb link=\u00a0\u00bburl:https%3A%2F%2Fwww.riadorangeraie.com%2Ffr%2Flivres-et-films-sur-le-maroc%2F|title:Livres%20et%20films%20sur%20le%20Maroc\u00a0\u00bb][\/vc_icon][vc_empty_space empty_h=\u00a0\u00bb1&Prime;][vc_column_text]<\/p>\n<h5><a href=\"https:\/\/www.riadorangeraie.com\/fr\/livres-et-films-sur-le-maroc\/\"><span style=\"text-decoration: underline;\">Livres &amp; films<\/span><\/a><\/h5>\n<p>[\/vc_column_text][\/vc_column_inner][\/vc_row_inner][vc_empty_space empty_h=\u00a0\u00bb1&Prime;][\/vc_column][vc_column width=\u00a0\u00bb1\/2&Prime;][\/vc_column][\/vc_row]<\/p>\n<\/div>","protected":false},"excerpt":{"rendered":"<p>[vc_row unlock_row_content=\u00a0\u00bbyes\u00a0\u00bb row_height_percent=\u00a0\u00bb0&Prime; back_image=\u00a0\u00bb83662&Prime; overlay_alpha=\u00a0\u00bb50&Prime; gutter_size=\u00a0\u00bb3&Prime; column_width_percent=\u00a0\u00bb100&Prime; border_color=\u00a0\u00bbcolor-187530&Prime; border_style=\u00a0\u00bbsolid\u00a0\u00bb shift_y=\u00a0\u00bb0&Prime; z_index=\u00a0\u00bb0&Prime; css=\u00a0\u00bb.vc_custom_1596447560832{border-top-width: 2px !important;border-bottom-width: 2px !important;}\u00a0\u00bb][vc_column column_width_percent=\u00a0\u00bb100&Prime; gutter_size=\u00a0\u00bb3&Prime; style=\u00a0\u00bbdark\u00a0\u00bb overlay_alpha=\u00a0\u00bb50&Prime; shift_x=\u00a0\u00bb0&Prime; shift_y=\u00a0\u00bb0&Prime; shift_y_down=\u00a0\u00bb0&Prime; z_index=\u00a0\u00bb0&Prime; medium_width=\u00a0\u00bb0&Prime; mobile_width=\u00a0\u00bb0&Prime; width=\u00a0\u00bb1\/1&Prime;][vc_empty_space empty_h=\u00a0\u00bb2&Prime;][vc_row_inner row_inner_height_percent=\u00a0\u00bb0&Prime; overlay_alpha=\u00a0\u00bb50&Prime; gutter_size=\u00a0\u00bb3&Prime; shift_y=\u00a0\u00bb0&Prime; z_index=\u00a0\u00bb0&Prime;][vc_column_inner column_width_percent=\u00a0\u00bb100&Prime; gutter_size=\u00a0\u00bb3&Prime; style=\u00a0\u00bbdark\u00a0\u00bb font_family=\u00a0\u00bbfont-762333&Prime; overlay_color=\u00a0\u00bbcolor-187530&Prime; overlay_alpha=\u00a0\u00bb81&Prime; shift_x=\u00a0\u00bb0&Prime; shift_y=\u00a0\u00bb0&Prime; shift_y_down=\u00a0\u00bb0&Prime; z_index=\u00a0\u00bb0&Prime; medium_width=\u00a0\u00bb0&Prime; mobile_width=\u00a0\u00bb0&Prime; width=\u00a0\u00bb1\/2&Prime;][vc_column_text css=\u00a0\u00bb.vc_custom_1596447456304{padding-top: 30px !important;padding-right: 20px !important;padding-bottom: 30px !important;padding-left: 20px !important;}\u00a0\u00bb]<\/p>\n","protected":false},"author":1,"featured_media":0,"parent":0,"menu_order":0,"comment_status":"closed","ping_status":"closed","template":"","meta":{"om_disable_all_campaigns":false,"_monsterinsights_skip_tracking":false,"_monsterinsights_sitenote_active":false,"_monsterinsights_sitenote_note":"","_monsterinsights_sitenote_category":0,"_uf_show_specific_survey":0,"_uf_disable_surveys":false,"footnotes":""},"class_list":["post-86165","page","type-page","status-publish","hentry"],"aioseo_notices":[],"_links":{"self":[{"href":"https:\/\/riadorangeraie.com\/fr\/wp-json\/wp\/v2\/pages\/86165","targetHints":{"allow":["GET"]}}],"collection":[{"href":"https:\/\/riadorangeraie.com\/fr\/wp-json\/wp\/v2\/pages"}],"about":[{"href":"https:\/\/riadorangeraie.com\/fr\/wp-json\/wp\/v2\/types\/page"}],"author":[{"embeddable":true,"href":"https:\/\/riadorangeraie.com\/fr\/wp-json\/wp\/v2\/users\/1"}],"replies":[{"embeddable":true,"href":"https:\/\/riadorangeraie.com\/fr\/wp-json\/wp\/v2\/comments?post=86165"}],"version-history":[{"count":2,"href":"https:\/\/riadorangeraie.com\/fr\/wp-json\/wp\/v2\/pages\/86165\/revisions"}],"predecessor-version":[{"id":88451,"href":"https:\/\/riadorangeraie.com\/fr\/wp-json\/wp\/v2\/pages\/86165\/revisions\/88451"}],"wp:attachment":[{"href":"https:\/\/riadorangeraie.com\/fr\/wp-json\/wp\/v2\/media?parent=86165"}],"curies":[{"name":"wp","href":"https:\/\/api.w.org\/{rel}","templated":true}]}}