{"id":86290,"date":"2020-10-03T20:34:05","date_gmt":"2020-10-03T20:34:05","guid":{"rendered":"https:\/\/www.riadorangeraie.com\/journee-a-essaouira\/"},"modified":"2024-09-06T16:36:19","modified_gmt":"2024-09-06T14:36:19","slug":"journee-a-essaouira","status":"publish","type":"page","link":"https:\/\/riadorangeraie.com\/fr\/journee-a-essaouira\/","title":{"rendered":"Journ\u00e9e \u00e0 Essaouira"},"content":{"rendered":"<div class=\"wpb-content-wrapper\"><p>[vc_row row_height_percent=\u00a0\u00bb0&Prime; back_color=\u00a0\u00bbcolor-187530&Prime; overlay_alpha=\u00a0\u00bb50&Prime; gutter_size=\u00a0\u00bb3&Prime; column_width_percent=\u00a0\u00bb100&Prime; shift_y=\u00a0\u00bb0&Prime; z_index=\u00a0\u00bb0&Prime;][vc_column column_width_percent=\u00a0\u00bb100&Prime; align_horizontal=\u00a0\u00bbalign_center\u00a0\u00bb gutter_size=\u00a0\u00bb3&Prime; style=\u00a0\u00bbdark\u00a0\u00bb overlay_color=\u00a0\u00bbcolor-187530&Prime; overlay_alpha=\u00a0\u00bb50&Prime; shift_x=\u00a0\u00bb0&Prime; shift_y=\u00a0\u00bb0&Prime; shift_y_down=\u00a0\u00bb0&Prime; z_index=\u00a0\u00bb0&Prime; medium_width=\u00a0\u00bb0&Prime; mobile_width=\u00a0\u00bb0&Prime; width=\u00a0\u00bb1\/1&Prime;][vc_custom_heading]<\/p>\n<h2>Journ\u00e9e \u00e0 Essaouira<\/h2>\n<p>[\/vc_custom_heading][\/vc_column][\/vc_row][vc_row unlock_row_content=\u00a0\u00bbyes\u00a0\u00bb row_height_percent=\u00a0\u00bb0&Prime; back_color=\u00a0\u00bbcolor-187530&Prime; overlay_alpha=\u00a0\u00bb50&Prime; gutter_size=\u00a0\u00bb3&Prime; column_width_percent=\u00a0\u00bb100&Prime; shift_y=\u00a0\u00bb0&Prime; z_index=\u00a0\u00bb0&Prime;][vc_column column_width_percent=\u00a0\u00bb100&Prime; gutter_size=\u00a0\u00bb3&Prime; style=\u00a0\u00bbdark\u00a0\u00bb overlay_alpha=\u00a0\u00bb50&Prime; shift_x=\u00a0\u00bb0&Prime; shift_y=\u00a0\u00bb0&Prime; shift_y_down=\u00a0\u00bb0&Prime; z_index=\u00a0\u00bb0&Prime; medium_width=\u00a0\u00bb0&Prime; mobile_width=\u00a0\u00bb0&Prime; width=\u00a0\u00bb1\/1&Prime;][vc_row_inner row_inner_height_percent=\u00a0\u00bb0&Prime; overlay_alpha=\u00a0\u00bb50&Prime; gutter_size=\u00a0\u00bb3&Prime; shift_y=\u00a0\u00bb0&Prime; z_index=\u00a0\u00bb0&Prime;][vc_column_inner column_width_percent=\u00a0\u00bb100&Prime; position_vertical=\u00a0\u00bbmiddle\u00a0\u00bb gutter_size=\u00a0\u00bb3&Prime; style=\u00a0\u00bbdark\u00a0\u00bb font_family=\u00a0\u00bbfont-762333&Prime; overlay_color=\u00a0\u00bbcolor-187530&Prime; overlay_alpha=\u00a0\u00bb82&Prime; shift_x=\u00a0\u00bb0&Prime; shift_y=\u00a0\u00bb0&Prime; shift_y_down=\u00a0\u00bb0&Prime; z_index=\u00a0\u00bb0&Prime; medium_width=\u00a0\u00bb0&Prime; mobile_width=\u00a0\u00bb0&Prime; width=\u00a0\u00bb1\/2&Prime; css=\u00a0\u00bb.vc_custom_1596611720221{border-right-width: 20px !important;border-left-width: 20px !important;padding-top: 20px !important;padding-right: 20px !important;padding-bottom: 20px !important;padding-left: 20px !important;}\u00a0\u00bb][vc_column_text uncode_shortcode_id=\u00a0\u00bb178962&Prime;]<\/p>\n<p style=\"text-align: justify;\"><strong><span style=\"font-weight: 400;\">Le charmant port de p\u00eache d\u2019Essaouira est une parfaite excursion pour une\u00a0<\/span><span style=\"font-weight: 400;\">journ\u00e9e en dehors de Marrakech (2 heures 30 de route environ).<\/span><span style=\"font-weight: 400;\"><br \/>\n<\/span><span style=\"font-weight: 400;\"><br \/>\n<\/span><span style=\"font-weight: 400;\">Essaouira n\u2019est pas seulement un port, c\u2019est aussi un lieu de vill\u00e9giature tr\u00e8s appr\u00e9ci\u00e9 avec une longue plage de sable et une petite m\u00e9dina blanche et bleue, remplie de joyeux magasins, qui se visite sans probl\u00e8me dans la journ\u00e9e.<br \/>\nLes prix sont un peu moins chers qu\u2019\u00e0 Marrakech et l\u2019atmosph\u00e8re g\u00e9n\u00e9rale plus tranquille ce qui en fait une tr\u00e8s bonne destination pour le shopping. Le climat d\u2019Essaouira (parfois tr\u00e8s venteux) en fait \u00e9galement un parfait spot pour les v\u00e9liplanchistes.<\/span><\/strong><\/p>\n<p><strong><i>Suggestion d&rsquo;itin\u00e9raire<\/i><\/strong><span style=\"font-weight: 400;\"><br \/>\n<\/span><\/p>\n<p><span style=\"font-weight: 400;\">&#8211; D\u00e9part de Marrakech apr\u00e8s le petit-d\u00e9jeuner autour de 9.00.<\/span><span style=\"font-weight: 400;\"><br \/>\n<\/span><\/p>\n<p><span style=\"font-weight: 400;\">&#8211; Arriv\u00e9e \u00e0 Essaouira vers 11.30 ou un petit plus tard si vous avez d\u00e9cid\u00e9 de vous arr\u00eater visiter les fermes d\u2019huiles d\u2019argan qui sont sur la route.<\/span><span style=\"font-weight: 400;\"><br \/>\n<\/span><\/p>\n<p><span style=\"font-weight: 400;\">&#8211; Vous avez le temps de voir les bateaux de p\u00eache d\u00e9charger leur cargaison de poisson avant le d\u00e9jeuner dans le port de p\u00eache qui jouxte la m\u00e9dina. Le poisson et les fruits de mer sont bien s\u00fbr excellents \u00e0 Essaouira et vous pourrez difficilement les trouver plus frais ! Le meilleur rapport qualit\u00e9 prix se trouvera directement en sortant du port dans les stands qui grillent le poisson que vous venez de choisir.<\/span><span style=\"font-weight: 400;\"><br \/>\n<\/span><span style=\"font-weight: 400;\">Une autre adresse que nous vous conseillons, un peu plus ch\u00e8re, mais le cadre magnifique en vaut la peine, est le Chalet de la plage qui fait face \u00e0 la plage avec les remparts en arri\u00e8re-plan. Il est conseill\u00e9 de r\u00e9server pour cette derni\u00e8re adresse mais nous nous ferons un plaisir de le faire pour vous avant votre d\u00e9part de Marrakech.<\/span><span style=\"font-weight: 400;\"><br \/>\n<\/span><\/p>\n<p><span style=\"font-weight: 400;\">&#8211; Apr\u00e8s d\u00e9jeuner, vous pourrez visiter la m\u00e9dina et arpenter les souks. Vous vous rendrez compte que la fa\u00e7on de commercer ici est parfois plus tranquille qu\u2019\u00e0 Marrakech.<br \/>\n<\/span><\/p>\n<p><span style=\"font-weight: 400;\">&#8211; Allez enfin vous promener un peu sur la plage et prendre un verre dans un des nombreux caf\u00e9s qui font face \u00e0 la mer avant de rejoindre votre chauffeur avec qui vous aurez fix\u00e9 un rendez-vous pr\u00e9alable.<\/span>[\/vc_column_text][\/vc_column_inner][vc_column_inner column_width_percent=\u00a0\u00bb100&Prime; position_vertical=\u00a0\u00bbmiddle\u00a0\u00bb align_horizontal=\u00a0\u00bbalign_center\u00a0\u00bb gutter_size=\u00a0\u00bb3&Prime; style=\u00a0\u00bbdark\u00a0\u00bb overlay_alpha=\u00a0\u00bb50&Prime; shift_x=\u00a0\u00bb0&Prime; shift_y=\u00a0\u00bb0&Prime; shift_y_down=\u00a0\u00bb0&Prime; z_index=\u00a0\u00bb0&Prime; medium_width=\u00a0\u00bb0&Prime; mobile_width=\u00a0\u00bb0&Prime; width=\u00a0\u00bb1\/2&Prime;][vc_gallery el_id=\u00a0\u00bbgallery-120211&Prime; type=\u00a0\u00bbcarousel\u00a0\u00bb medias=\u00a0\u00bb83608,83610,83612&Prime; carousel_lg=\u00a0\u00bb1&Prime; carousel_md=\u00a0\u00bb1&Prime; carousel_sm=\u00a0\u00bb1&Prime; gutter_size=\u00a0\u00bb3&Prime; carousel_interval=\u00a0\u00bb3000&Prime; carousel_navspeed=\u00a0\u00bb400&Prime; carousel_loop=\u00a0\u00bbyes\u00a0\u00bb stage_padding=\u00a0\u00bb0&Prime; single_overlay_opacity=\u00a0\u00bb50&Prime; single_padding=\u00a0\u00bb2&Prime;][vc_column_text uncode_shortcode_id=\u00a0\u00bb470097&Prime;]<\/p>\n<h4 style=\"text-align: center;\"><strong>Co\u00fbt de l\u2019excursion:\u00a0<\/strong><strong>145 Euros<\/strong><span style=\"font-weight: 400;\">\u00a0<\/span><\/h4>\n<p style=\"text-align: center;\"><em><span style=\"font-weight: 400;\">Prix pour un groupe de 4 personnes.<\/span><span style=\"font-weight: 400;\"><br \/>\n<\/span><span style=\"font-weight: 400;\">Prix pour la journ\u00e9e incluant le chauffeur, le v\u00e9hicule et l\u2019essence.<\/span><\/em><\/p>\n<p>[\/vc_column_text][vc_button button_color=\u00a0\u00bbcolor-xsdn\u00a0\u00bb border_width=\u00a0\u00bb0&Prime; link=\u00a0\u00bburl:https%3A%2F%2Fwww.riadorangeraie.com%2Ffr%2Fexcursions%2F|title:Excursion\u00a0\u00bb]Excursions[\/vc_button][\/vc_column_inner][\/vc_row_inner][\/vc_column][\/vc_row]<\/p>\n<\/div>","protected":false},"excerpt":{"rendered":"<p>[vc_row row_height_percent=\u00a0\u00bb0&Prime; back_color=\u00a0\u00bbcolor-187530&Prime; overlay_alpha=\u00a0\u00bb50&Prime; gutter_size=\u00a0\u00bb3&Prime; column_width_percent=\u00a0\u00bb100&Prime; shift_y=\u00a0\u00bb0&Prime; z_index=\u00a0\u00bb0&Prime;][vc_column column_width_percent=\u00a0\u00bb100&Prime; align_horizontal=\u00a0\u00bbalign_center\u00a0\u00bb gutter_size=\u00a0\u00bb3&Prime; style=\u00a0\u00bbdark\u00a0\u00bb overlay_color=\u00a0\u00bbcolor-187530&Prime; overlay_alpha=\u00a0\u00bb50&Prime; shift_x=\u00a0\u00bb0&Prime; shift_y=\u00a0\u00bb0&Prime; shift_y_down=\u00a0\u00bb0&Prime; z_index=\u00a0\u00bb0&Prime; medium_width=\u00a0\u00bb0&Prime; mobile_width=\u00a0\u00bb0&Prime; width=\u00a0\u00bb1\/1&Prime;][vc_custom_heading]<\/p>\n","protected":false},"author":1,"featured_media":0,"parent":0,"menu_order":0,"comment_status":"closed","ping_status":"closed","template":"","meta":{"om_disable_all_campaigns":false,"_monsterinsights_skip_tracking":false,"_monsterinsights_sitenote_active":false,"_monsterinsights_sitenote_note":"","_monsterinsights_sitenote_category":0,"_uf_show_specific_survey":0,"_uf_disable_surveys":false,"footnotes":""},"class_list":["post-86290","page","type-page","status-publish","hentry"],"aioseo_notices":[],"_links":{"self":[{"href":"https:\/\/riadorangeraie.com\/fr\/wp-json\/wp\/v2\/pages\/86290","targetHints":{"allow":["GET"]}}],"collection":[{"href":"https:\/\/riadorangeraie.com\/fr\/wp-json\/wp\/v2\/pages"}],"about":[{"href":"https:\/\/riadorangeraie.com\/fr\/wp-json\/wp\/v2\/types\/page"}],"author":[{"embeddable":true,"href":"https:\/\/riadorangeraie.com\/fr\/wp-json\/wp\/v2\/users\/1"}],"replies":[{"embeddable":true,"href":"https:\/\/riadorangeraie.com\/fr\/wp-json\/wp\/v2\/comments?post=86290"}],"version-history":[{"count":4,"href":"https:\/\/riadorangeraie.com\/fr\/wp-json\/wp\/v2\/pages\/86290\/revisions"}],"predecessor-version":[{"id":95850,"href":"https:\/\/riadorangeraie.com\/fr\/wp-json\/wp\/v2\/pages\/86290\/revisions\/95850"}],"wp:attachment":[{"href":"https:\/\/riadorangeraie.com\/fr\/wp-json\/wp\/v2\/media?parent=86290"}],"curies":[{"name":"wp","href":"https:\/\/api.w.org\/{rel}","templated":true}]}}