{"id":86301,"date":"2020-10-03T20:42:39","date_gmt":"2020-10-03T20:42:39","guid":{"rendered":"https:\/\/www.riadorangeraie.com\/13-bonnes-raisons-de-sejourner-a-lorangeraie\/"},"modified":"2020-12-03T09:29:00","modified_gmt":"2020-12-03T09:29:00","slug":"13-raisons-de-sejourner-a-lorangeraie","status":"publish","type":"page","link":"https:\/\/riadorangeraie.com\/fr\/13-raisons-de-sejourner-a-lorangeraie\/","title":{"rendered":"13 Raisons de S\u00e9journer \u00e0 l\u2019Orangeraie"},"content":{"rendered":"<div class=\"wpb-content-wrapper\"><p>[vc_row row_height_percent=\u00a0\u00bb0&Prime; back_color=\u00a0\u00bbcolor-187530&Prime; overlay_alpha=\u00a0\u00bb50&Prime; gutter_size=\u00a0\u00bb3&Prime; column_width_percent=\u00a0\u00bb100&Prime; shift_y=\u00a0\u00bb0&Prime; z_index=\u00a0\u00bb0&Prime;][vc_column column_width_percent=\u00a0\u00bb100&Prime; align_horizontal=\u00a0\u00bbalign_center\u00a0\u00bb gutter_size=\u00a0\u00bb0&Prime; style=\u00a0\u00bbdark\u00a0\u00bb overlay_color=\u00a0\u00bbcolor-187530&Prime; overlay_alpha=\u00a0\u00bb50&Prime; shift_x=\u00a0\u00bb0&Prime; shift_y=\u00a0\u00bb0&Prime; shift_y_down=\u00a0\u00bb0&Prime; z_index=\u00a0\u00bb0&Prime; medium_width=\u00a0\u00bb0&Prime; mobile_width=\u00a0\u00bb0&Prime; width=\u00a0\u00bb1\/1&Prime;][vc_column_text el_class=\u00a0\u00bbwrapper-title-page\u00a0\u00bb]<\/p>\n<h2 style=\"text-align: center;\">13 Raisons de S\u00e9journer \u00e0 l\u2019Orangeraie<\/h2>\n<p>[\/vc_column_text][\/vc_column][\/vc_row][vc_row unlock_row_content=\u00a0\u00bbyes\u00a0\u00bb row_height_percent=\u00a0\u00bb0&Prime; back_color=\u00a0\u00bbcolor-187530&Prime; overlay_alpha=\u00a0\u00bb50&Prime; gutter_size=\u00a0\u00bb3&Prime; column_width_percent=\u00a0\u00bb100&Prime; shift_y=\u00a0\u00bb0&Prime; z_index=\u00a0\u00bb0&Prime;][vc_column column_width_percent=\u00a0\u00bb100&Prime; position_vertical=\u00a0\u00bbmiddle\u00a0\u00bb gutter_size=\u00a0\u00bb0&Prime; style=\u00a0\u00bbdark\u00a0\u00bb font_family=\u00a0\u00bbfont-762333&Prime; overlay_alpha=\u00a0\u00bb50&Prime; shift_x=\u00a0\u00bb0&Prime; shift_y=\u00a0\u00bb0&Prime; shift_y_down=\u00a0\u00bb0&Prime; z_index=\u00a0\u00bb0&Prime; medium_width=\u00a0\u00bb0&Prime; mobile_width=\u00a0\u00bb0&Prime; width=\u00a0\u00bb1\/2&Prime;][vc_column_text]<strong>1 \/ Une qualit\u00e9 de service irr\u00e9prochable dans le cadre raffin\u00e9 d\u2019un petit h\u00f4tel de charme<\/strong><\/p>\n<p><span style=\"font-weight: 400;\">A l\u2019Orangeraie, nous vous offrons plus qu\u2019une simple chambre d\u2019h\u00f4tel et nous comprenons la diff\u00e9rence entre une bonne exp\u00e9rience et une exp\u00e9rience exceptionnelle.<\/span><\/p>\n<p><span style=\"font-weight: 400;\">Votre s\u00e9jour commence avant votre arriv\u00e9e, lors du processus de r\u00e9servation, lorsque nous vous aidons \u00e0 organiser les d\u00e9tails de votre voyage. Vous avez une question? une demande sp\u00e9ciale ? Envoyez-nous un email, un message via WhatsApp, appelez-nous, \u00e0 propos d\u2019une potentielle excursion, d\u2019une visite ou d\u2019un restaurant \u00e0 r\u00e9server\u2026 Vous trouverez toujours une personne disponible pour vous \u00e9couter et vous conseiller.<\/span><\/p>\n<p><span style=\"font-weight: 400;\">Durant votre s\u00e9jour au Riad, nous partagerons avec vous nos meilleurs plans et nos petits secrets afin de vous faire d\u00e9couvrir au mieux Marrakech et sa r\u00e9gion.<\/span><\/p>\n<p><span style=\"font-weight: 400;\">Par rapport \u00e0 la taille du Riad, nous avons intentionnellement une \u00e9quipe importante qui aime sinc\u00e8rement son m\u00e9tier ce qui se voit au travers de la qualit\u00e9 de service offerte \u00e0 nos clients. Notre \u00e9quipe est dynamique, passionn\u00e9e, \u00e0 l\u2019\u00e9coute et vous le ressentirez sur place dans la fa\u00e7on dont nous adaptons nos r\u00e9ponses et suggestions en fonction des go\u00fbts et souhaits de chacun de nos clients.<\/span><\/p>\n<p><span style=\"font-weight: 400;\">Ce que vous venez de lire n\u2019est pas seulement une succession de mots vides de sens, mais r\u00e9ellement ce que nous faisons avec passion, jour apr\u00e8s jour depuis bient\u00f4t 18 ans.<\/span><\/p>\n<p><strong>2\/ L\u2019impression d\u2019\u00eatre \u2018\u00e0 la maison loin de chez vous\u2019 dans une atmosph\u00e8re chaleureuse et d\u00e9tendue<\/strong><\/p>\n<p><span style=\"font-weight: 400;\">L\u2019Orangeraie n\u2019est pas simplement une maison d\u2019h\u00f4tes o\u00f9 s\u00e9journer \u00e0 Marrakech mais v\u00e9ritablement votre maison au Maroc.<\/span><\/p>\n<p><span style=\"font-weight: 400;\">Nous travaillons avec s\u00e9rieux et d\u00e9vouement mais aussi passion et amour pour notre m\u00e9tier afin de vous assurer une exp\u00e9rience authentique sans sacrifier au confort que vous attendez d\u2019un h\u00f4tel de luxe. Vous aidez de notre mieux, faire de votre s\u00e9jour un moment inoubliable est effectivement notre objectif mais avant toutes choses, nous souhaitons que vous vous sentiez chez vous au Riad. Apr\u00e8s quelques jours pass\u00e9s ici, vous r\u00e9aliserez combien vous sentirez que notre maison est aussi la v\u00f4tre pour la dur\u00e9e de votre s\u00e9jour \u00e0 Marrakech. Notre souhait le plus cher est que longtemps apr\u00e8s votre d\u00e9part, vous aurez toujours un sourire en pensant \u00e0 votre chez vous de Marrakech.\u00a0<\/span>[\/vc_column_text][\/vc_column][vc_column column_width_percent=\u00a0\u00bb100&Prime; position_vertical=\u00a0\u00bbmiddle\u00a0\u00bb gutter_size=\u00a0\u00bb0&Prime; style=\u00a0\u00bbdark\u00a0\u00bb font_family=\u00a0\u00bbfont-762333&Prime; overlay_alpha=\u00a0\u00bb50&Prime; shift_x=\u00a0\u00bb0&Prime; shift_y=\u00a0\u00bb0&Prime; shift_y_down=\u00a0\u00bb0&Prime; z_index=\u00a0\u00bb0&Prime; medium_width=\u00a0\u00bb0&Prime; mobile_width=\u00a0\u00bb0&Prime; width=\u00a0\u00bb1\/2&Prime;][vc_gallery el_id=\u00a0\u00bbgallery-235179&Prime; type=\u00a0\u00bbcarousel\u00a0\u00bb medias=\u00a0\u00bb83507,83505,83503,83501,83499&Prime; carousel_lg=\u00a0\u00bb1&Prime; carousel_md=\u00a0\u00bb1&Prime; carousel_sm=\u00a0\u00bb1&Prime; gutter_size=\u00a0\u00bb3&Prime; carousel_interval=\u00a0\u00bb3000&Prime; carousel_navspeed=\u00a0\u00bb400&Prime; carousel_loop=\u00a0\u00bbyes\u00a0\u00bb stage_padding=\u00a0\u00bb0&Prime; single_overlay_opacity=\u00a0\u00bb50&Prime; single_padding=\u00a0\u00bb2&Prime; single_border=\u00a0\u00bbyes\u00a0\u00bb][\/vc_column][\/vc_row][vc_row unlock_row_content=\u00a0\u00bbyes\u00a0\u00bb row_height_percent=\u00a0\u00bb0&Prime; back_color=\u00a0\u00bbcolor-187530&Prime; overlay_alpha=\u00a0\u00bb50&Prime; gutter_size=\u00a0\u00bb3&Prime; column_width_percent=\u00a0\u00bb100&Prime; shift_y=\u00a0\u00bb0&Prime; z_index=\u00a0\u00bb0&Prime;][vc_column column_width_percent=\u00a0\u00bb100&Prime; position_vertical=\u00a0\u00bbmiddle\u00a0\u00bb gutter_size=\u00a0\u00bb0&Prime; style=\u00a0\u00bbdark\u00a0\u00bb font_family=\u00a0\u00bbfont-762333&Prime; overlay_alpha=\u00a0\u00bb50&Prime; shift_x=\u00a0\u00bb0&Prime; shift_y=\u00a0\u00bb0&Prime; shift_y_down=\u00a0\u00bb0&Prime; z_index=\u00a0\u00bb0&Prime; medium_width=\u00a0\u00bb0&Prime; mobile_width=\u00a0\u00bb0&Prime; width=\u00a0\u00bb1\/2&Prime;][vc_gallery el_id=\u00a0\u00bbgallery-23517923&Prime; type=\u00a0\u00bbcarousel\u00a0\u00bb medias=\u00a0\u00bb83497,83495,83493,83491,83489&Prime; carousel_lg=\u00a0\u00bb1&Prime; carousel_md=\u00a0\u00bb1&Prime; carousel_sm=\u00a0\u00bb1&Prime; gutter_size=\u00a0\u00bb3&Prime; carousel_interval=\u00a0\u00bb3000&Prime; carousel_navspeed=\u00a0\u00bb400&Prime; carousel_loop=\u00a0\u00bbyes\u00a0\u00bb stage_padding=\u00a0\u00bb0&Prime; single_overlay_opacity=\u00a0\u00bb50&Prime; single_padding=\u00a0\u00bb2&Prime; single_border=\u00a0\u00bbyes\u00a0\u00bb][\/vc_column][vc_column column_width_percent=\u00a0\u00bb100&Prime; position_vertical=\u00a0\u00bbmiddle\u00a0\u00bb gutter_size=\u00a0\u00bb0&Prime; style=\u00a0\u00bbdark\u00a0\u00bb font_family=\u00a0\u00bbfont-762333&Prime; overlay_alpha=\u00a0\u00bb50&Prime; shift_x=\u00a0\u00bb0&Prime; shift_y=\u00a0\u00bb0&Prime; shift_y_down=\u00a0\u00bb0&Prime; z_index=\u00a0\u00bb0&Prime; medium_width=\u00a0\u00bb0&Prime; mobile_width=\u00a0\u00bb0&Prime; width=\u00a0\u00bb1\/2&Prime;][vc_column_text]3\/ Un emplacement s\u00fbr dans le meilleur quartier (et de loin) de la m\u00e9dina de Marrakech<\/p>\n<p>L\u2019Orangeraie est situ\u00e9e au c\u0153ur de la m\u00e9dina, dans le quartier \u2018Mouassine\u2019, consid\u00e9r\u00e9 par l\u2019ensemble de la population locale comme le plus s\u00fbr et le plus chic de la vieille ville de Marrakech.<\/p>\n<p>La ville est g\u00e9n\u00e9ralement tr\u00e8s peu dangereuse (avec un taux de criminalit\u00e9 est tr\u00e8s bas compar\u00e9 \u00e0 la plupart des capitales europ\u00e9ennes ou am\u00e9ricaines) mais le fait que notre Riad soit situ\u00e9 dans l\u2019art\u00e8re principale du quartier, et non au fond d\u2019un derb (rue secondaire) sombre et recul\u00e9 ajoute au sentiment de s\u00e9curit\u00e9 que vous \u00e9prouvez en circulant autour du Riad.<\/p>\n<p>En 18 ans d\u2019activit\u00e9, nous n\u2019avons eu \u00e0 d\u00e9plorer que quelques rares incidents mineurs dans le quartier.<\/p>\n<p>4 \/ 18 ans d\u2019exp\u00e9rience, une reconnaissance et des r\u00e9compenses<\/p>\n<p>Le Riad existe depuis plus de 18 ans maintenant, et ces longues ann\u00e9es d\u2019exp\u00e9rience nous ont permis d\u2019op\u00e9rer les changements n\u00e9cessaires dans notre approche lorsque des am\u00e9liorations \u00e9taient n\u00e9cessaires.<\/p>\n<p>Beaucoup de nos clients reviennent s\u00e9journer chez nous (\u2018chez eux\u2019) chaque ann\u00e9e, et les commentaires laiss\u00e9s sur les sites de r\u00e9f\u00e9rence sont tr\u00e8s positifs ce qui nous conforte dans l\u2019id\u00e9e que nous \u0153uvrons dans la bonne direction.<\/p>\n<p>Ainsi, pour la dixi\u00e8me ann\u00e9e cons\u00e9cutive en 2020, nous nous sommes vus d\u00e9cerner le Prix \u00ab Choix des voyageurs pour l\u2019ann\u00e9e \u00bb par Tripadvisor. Nous avons aussi \u00e9t\u00e9 class\u00e9s quatri\u00e8me \u00e9tablissement dans notre cat\u00e9gorie sur tout le Maroc cette ann\u00e9e.<\/p>\n<p>5 \/ Nous sommes profond\u00e9ment int\u00e9gr\u00e9s dans l&rsquo;environnement social et \u00e9conomique local et nous respectons les r\u00e8gles fix\u00e9es par les autorit\u00e9s.<\/p>\n<p>A l\u2019Orangeraie, tous les membres de l\u2019\u00e9quipe sont originaires de Marrakech ou de la vall\u00e9e de l\u2019Ourika. De m\u00eame, la plupart de nos fournisseurs sont install\u00e9s dans la M\u00e9dina et de pr\u00e9f\u00e9rence dans notre quartier Mouassine.<\/p>\n<p>Nous soutenons l&rsquo;\u00e9conomie locale en travaillant avec les commerces locaux, les boutiques, les \u00e9piciers, les artisans\u2026 satisfaisant ainsi \u00e0 l\u2019une des premi\u00e8res r\u00e8gles d&rsquo;une bonne politique environnementale.<\/p>\n<p>De m\u00eame, nous avons mis en place plusieurs proc\u00e9dures pour \u00e9conomiser l&rsquo;\u00e9nergie et recycler nos d\u00e9chets.<\/p>\n<p>Notre personnel est d\u00e9clar\u00e9 aux autorit\u00e9s, nous respectons les personnes, les lois, la r\u00e9glementation du travail, et plus g\u00e9n\u00e9ralement essayons d&rsquo;int\u00e9grer les meilleures pratiques environnementales.[\/vc_column_text][\/vc_column][\/vc_row][vc_row unlock_row_content=\u00a0\u00bbyes\u00a0\u00bb row_height_percent=\u00a0\u00bb0&Prime; back_color=\u00a0\u00bbcolor-187530&Prime; overlay_alpha=\u00a0\u00bb50&Prime; gutter_size=\u00a0\u00bb3&Prime; column_width_percent=\u00a0\u00bb100&Prime; shift_y=\u00a0\u00bb0&Prime; z_index=\u00a0\u00bb0&Prime;][vc_column column_width_percent=\u00a0\u00bb100&Prime; position_vertical=\u00a0\u00bbmiddle\u00a0\u00bb gutter_size=\u00a0\u00bb0&Prime; style=\u00a0\u00bbdark\u00a0\u00bb font_family=\u00a0\u00bbfont-762333&Prime; overlay_alpha=\u00a0\u00bb50&Prime; shift_x=\u00a0\u00bb0&Prime; shift_y=\u00a0\u00bb0&Prime; shift_y_down=\u00a0\u00bb0&Prime; z_index=\u00a0\u00bb0&Prime; medium_width=\u00a0\u00bb0&Prime; mobile_width=\u00a0\u00bb0&Prime; width=\u00a0\u00bb1\/2&Prime;][vc_column_text]<strong>6 \/ Nos chefs sont fantastiques et la cuisine servie est d\u00e9licieuse<\/strong><\/p>\n<p><span style=\"font-weight: 400;\">Des produits frais cuisin\u00e9s \u00ab \u00e0 la minute \u00bb, transform\u00e9s en d\u00e9licieux plats traditionnels, trois chefs d\u00e9vou\u00e9s et passionn\u00e9s, tous les ingr\u00e9dients sont r\u00e9unis pour vous offrir l&rsquo;une de vos meilleures exp\u00e9riences gourmandes \u00e0 Marrakech. Si vous n\u2019avez pas envie de d\u00eener ou de d\u00e9jeuner au Riad, vous ferez de toute fa\u00e7on l&rsquo;exp\u00e9rience de nos succulents et copieux petit-d\u00e9jeuner.<\/span><\/p>\n<p><strong>7\/ Nous vous aidons \u00e0 organiser le reste de votre voyage au Maroc si vous en avez besoin<\/strong><\/p>\n<p><span style=\"font-weight: 400;\">Nous avons d\u2019excellentes relations avec nombre d&rsquo;autres riads et h\u00f4tels<a href=\"https:\/\/www.riadorangeraie.com\/around-morocco\/\"> \u00e0 travers le Maroc<\/a>,<\/span><span style=\"font-weight: 400;\"> et travaillons avec la m\u00eame soci\u00e9t\u00e9 de transport depuis notre ouverture en 2002. Ainsi nous avons combin\u00e9 ces deux \u00e9l\u00e9ments, pour au fil des ann\u00e9es, commencer \u00e0 offrir \u00e0 nos clients de l\u2019aide dans l\u2019organisation de leur voyage au Maroc.<\/span><\/p>\n<p><span style=\"font-weight: 400;\">Si vous r\u00eavez de d\u00e9couvrir le Maroc, sans d\u2019ailleurs forc\u00e9ment d\u00e9buter votre s\u00e9jour \u00e0 Marrakech, si vous souhaitez garder une coh\u00e9rence en termes d\u2019accueil et de confort tout au long de vos \u00e9tapes, nous vous aiderons \u00e0 organiser votre s\u00e9jour ! Du transport \u00e0 la r\u00e9servation de vos h\u00e9bergements, nous pouvons faire office d\u2019agent de voyage si vous le souhaitez. Peu de Riads offrent un tel service, efficace et professionnel et ceci sans frais suppl\u00e9mentaires !<\/span><\/p>\n<p><strong>\u00a08\/ Notre \u00e9quipe est multilingue (Arabe, Fran\u00e7ais, Anglais, Espagnol) et nous pouvons donc communiquer avec vous.<\/strong><\/p>\n<p><span style=\"font-weight: 400;\">La communication est facile et ceci fait une diff\u00e9rence notable. Nous comprenons vos besoins et pouvons r\u00e9pondre \u00e0 vos questions et vos attentes \u00e0 tout moment. Le succ\u00e8s d\u2019un s\u00e9jour passe aussi par la rencontre avec les gens qui font le pays que l\u2019on visite, l\u2019interaction, le partage des id\u00e9es et des opinions, l\u2019appr\u00e9hension des cultures et des coutumes locales. A l\u2019Orangeraie, notre \u00e9quipe sera toujours ravie d\u2019interagir avec vous, de r\u00e9pondre \u00e0 vos questions et de vous expliquer la mani\u00e8re de vivre au Maroc. Vous aurez ainsi acc\u00e8s \u00e0 la chaleur et la g\u00e9n\u00e9rosit\u00e9 de la culture Marocaine, et cela sans la barri\u00e8re de la langue.<\/span>[\/vc_column_text][\/vc_column][vc_column column_width_percent=\u00a0\u00bb100&Prime; position_vertical=\u00a0\u00bbmiddle\u00a0\u00bb gutter_size=\u00a0\u00bb0&Prime; style=\u00a0\u00bbdark\u00a0\u00bb font_family=\u00a0\u00bbfont-762333&Prime; overlay_alpha=\u00a0\u00bb50&Prime; shift_x=\u00a0\u00bb0&Prime; shift_y=\u00a0\u00bb0&Prime; shift_y_down=\u00a0\u00bb0&Prime; z_index=\u00a0\u00bb0&Prime; medium_width=\u00a0\u00bb0&Prime; mobile_width=\u00a0\u00bb0&Prime; width=\u00a0\u00bb1\/2&Prime;][vc_gallery el_id=\u00a0\u00bbgallery-23517924&Prime; type=\u00a0\u00bbcarousel\u00a0\u00bb medias=\u00a0\u00bb83487,83485,83481,83479,83459&Prime; carousel_lg=\u00a0\u00bb1&Prime; carousel_md=\u00a0\u00bb1&Prime; carousel_sm=\u00a0\u00bb1&Prime; gutter_size=\u00a0\u00bb3&Prime; carousel_interval=\u00a0\u00bb3000&Prime; carousel_navspeed=\u00a0\u00bb400&Prime; carousel_loop=\u00a0\u00bbyes\u00a0\u00bb stage_padding=\u00a0\u00bb0&Prime; single_overlay_opacity=\u00a0\u00bb50&Prime; single_padding=\u00a0\u00bb2&Prime; single_border=\u00a0\u00bbyes\u00a0\u00bb][\/vc_column][\/vc_row][vc_row unlock_row_content=\u00a0\u00bbyes\u00a0\u00bb row_height_percent=\u00a0\u00bb0&Prime; back_color=\u00a0\u00bbcolor-187530&Prime; overlay_alpha=\u00a0\u00bb50&Prime; gutter_size=\u00a0\u00bb3&Prime; column_width_percent=\u00a0\u00bb100&Prime; shift_y=\u00a0\u00bb0&Prime; z_index=\u00a0\u00bb0&Prime;][vc_column column_width_percent=\u00a0\u00bb100&Prime; position_vertical=\u00a0\u00bbmiddle\u00a0\u00bb gutter_size=\u00a0\u00bb0&Prime; style=\u00a0\u00bbdark\u00a0\u00bb overlay_alpha=\u00a0\u00bb50&Prime; shift_x=\u00a0\u00bb0&Prime; shift_y=\u00a0\u00bb0&Prime; shift_y_down=\u00a0\u00bb0&Prime; z_index=\u00a0\u00bb0&Prime; medium_width=\u00a0\u00bb0&Prime; mobile_width=\u00a0\u00bb0&Prime; width=\u00a0\u00bb1\/2&Prime;][vc_gallery el_id=\u00a0\u00bbgallery-23517925&Prime; type=\u00a0\u00bbcarousel\u00a0\u00bb medias=\u00a0\u00bb83477,83475,83473,83471,83469&Prime; carousel_lg=\u00a0\u00bb1&Prime; carousel_md=\u00a0\u00bb1&Prime; carousel_sm=\u00a0\u00bb1&Prime; gutter_size=\u00a0\u00bb3&Prime; carousel_interval=\u00a0\u00bb3000&Prime; carousel_navspeed=\u00a0\u00bb400&Prime; carousel_loop=\u00a0\u00bbyes\u00a0\u00bb stage_padding=\u00a0\u00bb0&Prime; single_overlay_opacity=\u00a0\u00bb50&Prime; single_padding=\u00a0\u00bb2&Prime; single_border=\u00a0\u00bbyes\u00a0\u00bb][\/vc_column][vc_column column_width_percent=\u00a0\u00bb100&Prime; position_vertical=\u00a0\u00bbmiddle\u00a0\u00bb gutter_size=\u00a0\u00bb0&Prime; style=\u00a0\u00bbdark\u00a0\u00bb font_family=\u00a0\u00bbfont-762333&Prime; overlay_alpha=\u00a0\u00bb50&Prime; shift_x=\u00a0\u00bb0&Prime; shift_y=\u00a0\u00bb0&Prime; shift_y_down=\u00a0\u00bb0&Prime; z_index=\u00a0\u00bb0&Prime; medium_width=\u00a0\u00bb0&Prime; mobile_width=\u00a0\u00bb0&Prime; width=\u00a0\u00bb1\/2&Prime;][vc_column_text]<strong>9\/ Une tarification transparente et raisonnable et un bon rapport qualit\u00e9\/prix.<\/strong><\/p>\n<p><span style=\"font-weight: 400;\">Nous ne sommes pas \u2018bon march\u00e9\u2019 mais croyons sinc\u00e8rement en notre excellent rapport qualit\u00e9\/prix.<\/span><\/p>\n<p><span style=\"font-weight: 400;\">Par ailleurs, nous vous offrons \u00e9galement une multitude de \u2018petit plus\u2019, compris dans le prix des chambres ; un petit d\u00e9jeuner tr\u00e8s copieux, une connexion fibre wifi haut d\u00e9bit (une raret\u00e9 \u00e0 Marrakech), des cartes postales, une carte pr\u00e9cise de la m\u00e9dina, le caf\u00e9 et le th\u00e9 sont \u00e9galement servis gratuitement \u00e0 volont\u00e9 tout au long de la journ\u00e9e. Nous vous pr\u00eatons aussi un t\u00e9l\u00e9phone portable marocain pour la dur\u00e9e votre s\u00e9jour afin de pouvoir nous joindre en toute occasion mais vous permettant aussi d\u2019\u00e9viter les frais de \u2018rooming\u2019 sur votre propre t\u00e9l\u00e9phone mobile. Vous ne nous trouverez non plus jamais avares de conseils lors de votre pr\u00e9sence chez nous ni bien s\u00fbr de sourires.<\/span><\/p>\n<p><span style=\"font-weight: 400;\">Par ailleurs aucun frais n\u2019est dissimul\u00e9 et le co\u00fbt global de votre s\u00e9jour est clairement indiqu\u00e9 lors de la confirmation de votre r\u00e9servation.<\/span><\/p>\n<p><strong>10\/ Une literie de premi\u00e8re qualit\u00e9 et le confort d\u2019une douche avec pression d&rsquo;eau (une raret\u00e9 dans la m\u00e9dina)<\/strong><\/p>\n<p><span style=\"font-weight: 400;\">Lorsque nous avons entrepris la r\u00e9novation du Riad, un des points sur lequel nous avons insist\u00e9 \u00e0 l&rsquo;\u00e9poque, \u00e9tait d&rsquo;offrir \u00e0 nos clients un syst\u00e8me de plomberie performant capable de fournir un d\u00e9bit d\u2019eau confortable notamment dans les salles de bains. Il nous \u00e9tait difficile d\u2019imaginer nos clients se douchant sous un filet d&rsquo;eau, ce qui \u00e9tait commun en m\u00e9dina surtout \u00e0 l\u2019\u00e9poque. Nous avons donc fait installer deux surpresseurs qui viennent am\u00e9liorer le d\u00e9bit d&rsquo;eau fourni par le r\u00e9seau de la ville de Marrakech ce qui vous garantira une pression confortable sous la douche, et ce quel que soit l\u2019\u00e9tat du r\u00e9seau. Ce type d\u2019installation est encore rare et peu fr\u00e9quents dans les Riads de la M\u00e9dina.<\/span><\/p>\n<p><span style=\"font-weight: 400;\">Par ailleurs \u00e0 l\u2019Orangeraie, vous ne trouverez pas de literie provenant du souk mais des matelas de grande qualit\u00e9 (marque Simmons) chang\u00e9s tr\u00e8s r\u00e9guli\u00e8rement pour vous garantir une bonne qualit\u00e9 de sommeil.<\/span><\/p>\n<p><span style=\"font-weight: 400;\"><strong>11\/ Si vous avez d\u00e9j\u00e0 s\u00e9journ\u00e9 au Riad et que vous cherchez une bonne raison pour revenir \u00e0 l\u2019Orangeraie, en voici une <\/strong>: chacune de nos 7 chambres est d\u00e9cor\u00e9e dans un style et une couleur diff\u00e9rente. Libre \u00e0 vous de projeter sept visites afin de finalement choisir votre chambre favorite !\u00a0<\/span><\/p>\n<p><strong>12\/ Romantisme ! Recherchez ce mot dans le dictionnaire et vous y trouverez \u00ab S\u00e9jour \u00e0 l\u2019Orangeraie ! \u00bb<\/strong><\/p>\n<p><strong>13\/Nous accueillons volontiers les enfants &#8230;s\u2019ils sont accompagn\u00e9s de parents bien \u00e9lev\u00e9s.<\/strong>[\/vc_column_text][\/vc_column][\/vc_row]<\/p>\n<\/div>","protected":false},"excerpt":{"rendered":"<p>[vc_row row_height_percent=\u00a0\u00bb0&Prime; back_color=\u00a0\u00bbcolor-187530&Prime; overlay_alpha=\u00a0\u00bb50&Prime; gutter_size=\u00a0\u00bb3&Prime; column_width_percent=\u00a0\u00bb100&Prime; shift_y=\u00a0\u00bb0&Prime; z_index=\u00a0\u00bb0&Prime;][vc_column column_width_percent=\u00a0\u00bb100&Prime; align_horizontal=\u00a0\u00bbalign_center\u00a0\u00bb gutter_size=\u00a0\u00bb3&Prime; style=\u00a0\u00bbdark\u00a0\u00bb overlay_color=\u00a0\u00bbcolor-187530&Prime; overlay_alpha=\u00a0\u00bb50&Prime; shift_x=\u00a0\u00bb0&Prime; shift_y=\u00a0\u00bb0&Prime; shift_y_down=\u00a0\u00bb0&Prime; z_index=\u00a0\u00bb0&Prime; medium_width=\u00a0\u00bb0&Prime; mobile_width=\u00a0\u00bb0&Prime; width=\u00a0\u00bb1\/1&Prime;][vc_custom_heading]<\/p>\n","protected":false},"author":1,"featured_media":0,"parent":0,"menu_order":0,"comment_status":"closed","ping_status":"closed","template":"","meta":{"om_disable_all_campaigns":false,"_monsterinsights_skip_tracking":false,"_monsterinsights_sitenote_active":false,"_monsterinsights_sitenote_note":"","_monsterinsights_sitenote_category":0,"_uf_show_specific_survey":0,"_uf_disable_surveys":false,"footnotes":""},"class_list":["post-86301","page","type-page","status-publish","hentry"],"aioseo_notices":[],"_links":{"self":[{"href":"https:\/\/riadorangeraie.com\/fr\/wp-json\/wp\/v2\/pages\/86301","targetHints":{"allow":["GET"]}}],"collection":[{"href":"https:\/\/riadorangeraie.com\/fr\/wp-json\/wp\/v2\/pages"}],"about":[{"href":"https:\/\/riadorangeraie.com\/fr\/wp-json\/wp\/v2\/types\/page"}],"author":[{"embeddable":true,"href":"https:\/\/riadorangeraie.com\/fr\/wp-json\/wp\/v2\/users\/1"}],"replies":[{"embeddable":true,"href":"https:\/\/riadorangeraie.com\/fr\/wp-json\/wp\/v2\/comments?post=86301"}],"version-history":[{"count":0,"href":"https:\/\/riadorangeraie.com\/fr\/wp-json\/wp\/v2\/pages\/86301\/revisions"}],"wp:attachment":[{"href":"https:\/\/riadorangeraie.com\/fr\/wp-json\/wp\/v2\/media?parent=86301"}],"curies":[{"name":"wp","href":"https:\/\/api.w.org\/{rel}","templated":true}]}}