{"id":86311,"date":"2020-10-03T20:53:11","date_gmt":"2020-10-03T20:53:11","guid":{"rendered":"https:\/\/www.riadorangeraie.com\/thank-you\/"},"modified":"2021-02-27T12:18:30","modified_gmt":"2021-02-27T12:18:30","slug":"merci","status":"publish","type":"page","link":"https:\/\/riadorangeraie.com\/fr\/merci\/","title":{"rendered":"Merci"},"content":{"rendered":"<div class=\"wpb-content-wrapper\"><p>[vc_row row_height_percent=\u00a0\u00bb0&Prime; override_padding=\u00a0\u00bbyes\u00a0\u00bb h_padding=\u00a0\u00bb0&Prime; top_padding=\u00a0\u00bb0&Prime; bottom_padding=\u00a0\u00bb0&Prime; back_color=\u00a0\u00bbcolor-187530&Prime; overlay_alpha=\u00a0\u00bb50&Prime; gutter_size=\u00a0\u00bb3&Prime; column_width_percent=\u00a0\u00bb100&Prime; shift_y=\u00a0\u00bb0&Prime; z_index=\u00a0\u00bb0&Prime;][vc_column column_width_percent=\u00a0\u00bb100&Prime; gutter_size=\u00a0\u00bb3&Prime; overlay_alpha=\u00a0\u00bb50&Prime; shift_x=\u00a0\u00bb0&Prime; shift_y=\u00a0\u00bb0&Prime; shift_y_down=\u00a0\u00bb0&Prime; z_index=\u00a0\u00bb0&Prime; medium_width=\u00a0\u00bb0&Prime; mobile_width=\u00a0\u00bb0&Prime; width=\u00a0\u00bb1\/1&Prime; el_class=\u00a0\u00bbhistory-wrap-p\u00a0\u00bb][vc_empty_space empty_h=\u00a0\u00bb1&Prime;][vc_row_inner][vc_column_inner column_width_percent=\u00a0\u00bb100&Prime; position_vertical=\u00a0\u00bbmiddle\u00a0\u00bb gutter_size=\u00a0\u00bb3&Prime; overlay_alpha=\u00a0\u00bb50&Prime; shift_x=\u00a0\u00bb0&Prime; shift_y=\u00a0\u00bb0&Prime; shift_y_down=\u00a0\u00bb0&Prime; z_index=\u00a0\u00bb0&Prime; medium_width=\u00a0\u00bb0&Prime; mobile_width=\u00a0\u00bb0&Prime; width=\u00a0\u00bb1\/3&Prime;][vc_single_image media=\u00a0\u00bb84472&Prime; media_width_percent=\u00a0\u00bb78&Prime;][\/vc_column_inner][vc_column_inner column_width_percent=\u00a0\u00bb100&Prime; position_vertical=\u00a0\u00bbmiddle\u00a0\u00bb gutter_size=\u00a0\u00bb3&Prime; style=\u00a0\u00bbdark\u00a0\u00bb font_family=\u00a0\u00bbfont-762333&Prime; overlay_alpha=\u00a0\u00bb50&Prime; shift_x=\u00a0\u00bb0&Prime; shift_y=\u00a0\u00bb0&Prime; shift_y_down=\u00a0\u00bb0&Prime; z_index=\u00a0\u00bb0&Prime; medium_width=\u00a0\u00bb0&Prime; mobile_width=\u00a0\u00bb0&Prime; width=\u00a0\u00bb2\/3&Prime;][vc_column_text]<\/p>\n<h2 style=\"text-align: center;\">Merci !<\/h2>\n<p>Nous vous remercions pour l&rsquo;int\u00e9r\u00eat port\u00e9 \u00e0 notre \u00e9tablissement. Nous r\u00e9pondrons rapidement \u00e0 votre demande.<\/p>\n<p>Si vous avez d&rsquo;autres questions, vous pouvez nous contacter par email \u00e0 l&rsquo;adresse <a class=\"moz-txt-link-abbreviated\" href=\"mailto:info@riadorangeraie.com\">info@riadorangeraie.com<\/a> ou sur notre num\u00e9ro whatsApp <a href=\"wa.link\/frk7t2\">+ 33 6 23 92 40 05<\/a><\/p>\n<p>Nous esp\u00e9rons vous accueillir bient\u00f4t \u00e0 Marrakech.<\/p>\n<p>Cyril et toute l&rsquo;\u00e9quipe du Riad l&rsquo;Orangeraie[\/vc_column_text][\/vc_column_inner][\/vc_row_inner][vc_empty_space empty_h=\u00a0\u00bb2&Prime;][\/vc_column][\/vc_row]<\/p>\n<\/div>","protected":false},"excerpt":{"rendered":"<p> &#8230;<\/p>\n","protected":false},"author":1,"featured_media":0,"parent":0,"menu_order":0,"comment_status":"closed","ping_status":"closed","template":"","meta":{"om_disable_all_campaigns":false,"_monsterinsights_skip_tracking":false,"_monsterinsights_sitenote_active":false,"_monsterinsights_sitenote_note":"","_monsterinsights_sitenote_category":0,"_uf_show_specific_survey":0,"_uf_disable_surveys":false,"footnotes":""},"class_list":["post-86311","page","type-page","status-publish","hentry"],"aioseo_notices":[],"_links":{"self":[{"href":"https:\/\/riadorangeraie.com\/fr\/wp-json\/wp\/v2\/pages\/86311","targetHints":{"allow":["GET"]}}],"collection":[{"href":"https:\/\/riadorangeraie.com\/fr\/wp-json\/wp\/v2\/pages"}],"about":[{"href":"https:\/\/riadorangeraie.com\/fr\/wp-json\/wp\/v2\/types\/page"}],"author":[{"embeddable":true,"href":"https:\/\/riadorangeraie.com\/fr\/wp-json\/wp\/v2\/users\/1"}],"replies":[{"embeddable":true,"href":"https:\/\/riadorangeraie.com\/fr\/wp-json\/wp\/v2\/comments?post=86311"}],"version-history":[{"count":0,"href":"https:\/\/riadorangeraie.com\/fr\/wp-json\/wp\/v2\/pages\/86311\/revisions"}],"wp:attachment":[{"href":"https:\/\/riadorangeraie.com\/fr\/wp-json\/wp\/v2\/media?parent=86311"}],"curies":[{"name":"wp","href":"https:\/\/api.w.org\/{rel}","templated":true}]}}