{"id":88966,"date":"2021-11-09T15:03:23","date_gmt":"2021-11-09T15:03:23","guid":{"rendered":"https:\/\/www.riadorangeraie.com\/?page_id=88966"},"modified":"2022-06-17T10:27:58","modified_gmt":"2022-06-17T10:27:58","slug":"covid-fr","status":"publish","type":"page","link":"https:\/\/riadorangeraie.com\/fr\/covid-fr\/","title":{"rendered":"Covid 19"},"content":{"rendered":"<div class=\"wpb-content-wrapper\"><p>[vc_row row_height_percent=\u00a0\u00bb0&Prime; back_color=\u00a0\u00bbcolor-187530&Prime; back_image=\u00a0\u00bb81177&Prime; overlay_alpha=\u00a0\u00bb50&Prime; gutter_size=\u00a0\u00bb3&Prime; column_width_percent=\u00a0\u00bb100&Prime; border_color=\u00a0\u00bbcolor-187530&Prime; border_style=\u00a0\u00bbsolid\u00a0\u00bb shift_y=\u00a0\u00bb0&Prime; z_index=\u00a0\u00bb0&Prime; css=\u00a0\u00bb.vc_custom_1596633439225{border-top-width: 2px !important;border-bottom-width: 2px !important;padding-top: 20px !important;padding-bottom: 20px !important;}\u00a0\u00bb][vc_column column_width_percent=\u00a0\u00bb100&Prime; position_horizontal=\u00a0\u00bbleft\u00a0\u00bb position_vertical=\u00a0\u00bbmiddle\u00a0\u00bb align_horizontal=\u00a0\u00bbalign_center\u00a0\u00bb gutter_size=\u00a0\u00bb0&Prime; style=\u00a0\u00bbdark\u00a0\u00bb overlay_color=\u00a0\u00bbcolor-187530&Prime; overlay_alpha=\u00a0\u00bb80&Prime; shift_x=\u00a0\u00bb0&Prime; shift_y=\u00a0\u00bb0&Prime; shift_y_down=\u00a0\u00bb0&Prime; z_index=\u00a0\u00bb0&Prime; medium_width=\u00a0\u00bb0&Prime; mobile_width=\u00a0\u00bb0&Prime; width=\u00a0\u00bb1\/6&Prime;][\/vc_column][vc_column column_width_percent=\u00a0\u00bb100&Prime; gutter_size=\u00a0\u00bb0&Prime; style=\u00a0\u00bbdark\u00a0\u00bb font_family=\u00a0\u00bbfont-762333&Prime; overlay_color=\u00a0\u00bbcolor-187530&Prime; overlay_alpha=\u00a0\u00bb83&Prime; shift_x=\u00a0\u00bb0&Prime; shift_y=\u00a0\u00bb0&Prime; shift_y_down=\u00a0\u00bb0&Prime; z_index=\u00a0\u00bb0&Prime; medium_width=\u00a0\u00bb0&Prime; mobile_width=\u00a0\u00bb0&Prime; width=\u00a0\u00bb2\/3&Prime;][vc_column_text css=\u00a0\u00bb.vc_custom_1636469980857{padding-top: 30px !important;padding-right: 20px !important;padding-bottom: 30px !important;padding-left: 20px !important;}\u00a0\u00bb el_class=\u00a0\u00bbwrapper-title-page\u00a0\u00bb]<\/p>\n<h2>Notre politique Covid-19<\/h2>\n<p>[\/vc_column_text][vc_column_text css=\u00a0\u00bb.vc_custom_1655461675085{padding-top: 30px !important;padding-right: 20px !important;padding-bottom: 30px !important;padding-left: 20px !important;}\u00a0\u00bb uncode_shortcode_id=\u00a0\u00bb162079&Prime;]<strong>Chers clients,<\/strong><\/p>\n<p>Nous sommes heureux de pouvoir vous accueillir \u00e0 nouveau au Riad l&rsquo;Orangeraie. Malgr\u00e9 la pand\u00e9mie en cours, le gouvernement marocain a rapidement impos\u00e9 des directives strictes qui ont frein\u00e9 la propagation du virus dans le pays, permettant au Maroc d&rsquo;assouplir ses restrictions et permettant la r\u00e9ouverture des fronti\u00e8res.<\/p>\n<p>Nous sommes impatients de vous retrouver chez vous au Riad tout en veillant \u00e0 ce que votre s\u00e9curit\u00e9 ainsi que celle du personnel ne soit pas compromise. <b><br \/>\n<\/b><\/p>\n<p><b>Nos engagements pour pr\u00e9server la sant\u00e9 et la s\u00e9curit\u00e9 de tous<\/b><\/p>\n<p>Le Riad l&rsquo;Orangeraie dispose de nombreux espaces ouverts et la majeure partie de votre temps pass\u00e9 chez nous se fera en plein-air, entre nos deux patios et notre toit terrasse. Ceci dit, les mesures suivantes ont \u00e9t\u00e9 prises:<\/p>\n<ul>\n<li>&#8211; Tous les clients et le personnel sont tenus de porter un masque dans les parties communes<\/li>\n<li>&#8211; Les r\u00e8gles de distanciation sociale seront observ\u00e9es dans tout le Riad<\/li>\n<li>&#8211; La d\u00e9sinfection et le nettoyage seront accrues en accordant une attention particuli\u00e8re aux points de contact, c&rsquo;est \u00e0 dire notamment les poign\u00e9es de porte, les toilettes publiques et les plateaux de tables<\/li>\n<li>&#8211; Des masques, gants et gel seront \u00e0 votre disposition gratuitement toute la journ\u00e9e<\/li>\n<li>&#8211; Des points de d\u00e9sinfection seront disponibles \u00e0 l&rsquo;entr\u00e9e et sur la terrasse du Riad<\/li>\n<li>&#8211; Votre chambre sera nettoy\u00e9e et a\u00e9r\u00e9e deux fois par jour pour am\u00e9liorer la circulation de l&rsquo;air<\/li>\n<li>&#8211; L&rsquo;ext\u00e9rieur de vos bagages sera d\u00e9sinfect\u00e9 avant d&rsquo;\u00eatre transport\u00e9 dans votre chambre<\/li>\n<li>&#8211; L&rsquo;ensemble du personnel v\u00e9rifiera sa temp\u00e9rature au d\u00e9but de sa journ\u00e9e de travail<\/li>\n<li>&#8211; Vous pourrez demander un m\u00e9decin \u00e0 tout moment en cas de besoin<\/li>\n<li>&#8211; Si un test Covid vous est demand\u00e9 avant votre voyage retour, nous avons un accord avec un laboratoire et une infirmi\u00e8re se d\u00e9place au Riad pour pratiquer le test sur place.<\/li>\n<\/ul>\n<p>&nbsp;<\/p>\n<p><b>Notre politique d&rsquo;annulation<\/b><\/p>\n<p>Nous comprenons qu&rsquo;en ces temps tourment\u00e9s, vos plans de voyage puissent \u00eatre amen\u00e9s \u00e0 subir des changements. Pour vous donner tranquillit\u00e9 d&rsquo;esprit nous offrons une plus grande flexibilit\u00e9 dans notre politique d&rsquo;annulation et ceci pour les r\u00e9servations effectu\u00e9es apr\u00e8s le mois de Novembre 2020. Ainsi vous pouvez r\u00e9server vos vacances \u00e0 Marrakech en toute confiance et si malheureusement vous ne pouvez pas voyager pour des raisons li\u00e9es \u00e0 des restrictions de vol, vous aurez la possibilit\u00e9 d&rsquo;annuler ou de reporter votre r\u00e9servation et ceci jusqu&rsquo;\u00e0 la derni\u00e8re minute pr\u00e9c\u00e9dent votre arriv\u00e9e sans p\u00e9nalit\u00e9 (avec preuve d&rsquo;annulation du vol). <b><br \/>\n<\/b><\/p>\n<p>&nbsp;<\/p>\n<p><strong>Nous esp\u00e9rons vous offrir un verre de th\u00e9 \u00e0 la menthe tr\u00e8s bient\u00f4t.<\/strong><\/p>\n<p><em><strong>Cyril et l&rsquo;\u00e9quipe du Riad l&rsquo;Orangeraie<\/strong><\/em>[\/vc_column_text][vc_empty_space empty_h=\u00a0\u00bb1&Prime;][\/vc_column][vc_column width=\u00a0\u00bb1\/6&Prime;][\/vc_column][\/vc_row]<\/p>\n<\/div>","protected":false},"excerpt":{"rendered":"<p>[vc_row row_height_percent=\u00a0\u00bb0&Prime; back_color=\u00a0\u00bbcolor-187530&Prime; back_image=\u00a0\u00bb81177&Prime; overlay_alpha=\u00a0\u00bb50&Prime; gutter_size=\u00a0\u00bb3&Prime; column_width_percent=\u00a0\u00bb100&Prime; border_color=\u00a0\u00bbcolor-187530&Prime; border_style=\u00a0\u00bbsolid\u00a0\u00bb shift_y=\u00a0\u00bb0&Prime; z_index=\u00a0\u00bb0&Prime; css=\u00a0\u00bb.vc_custom_1596633439225{border-top-width: 2px !important;border-bottom-width: 2px !important;padding-top: 20px !important;padding-bottom: 20px !important;}\u00a0\u00bb][vc_column column_width_percent=\u00a0\u00bb100&Prime; position_horizontal=\u00a0\u00bbleft\u00a0\u00bb position_vertical=\u00a0\u00bbmiddle\u00a0\u00bb align_horizontal=\u00a0\u00bbalign_center\u00a0\u00bb gutter_size=\u00a0\u00bb0&Prime; style=\u00a0\u00bbdark\u00a0\u00bb overlay_color=\u00a0\u00bbcolor-187530&Prime; overlay_alpha=\u00a0\u00bb80&Prime; shift_x=\u00a0\u00bb0&Prime; shift_y=\u00a0\u00bb0&Prime; shift_y_down=\u00a0\u00bb0&Prime; z_index=\u00a0\u00bb0&Prime; medium_width=\u00a0\u00bb0&Prime; mobile_width=\u00a0\u00bb0&Prime; width=\u00a0\u00bb1\/3&Prime;][\/vc_column][vc_column column_width_percent=\u00a0\u00bb100&Prime; gutter_size=\u00a0\u00bb0&Prime; style=\u00a0\u00bbdark\u00a0\u00bb font_family=\u00a0\u00bbfont-762333&Prime; overlay_color=\u00a0\u00bbcolor-187530&Prime; overlay_alpha=\u00a0\u00bb83&Prime; shift_x=\u00a0\u00bb0&Prime; shift_y=\u00a0\u00bb0&Prime; shift_y_down=\u00a0\u00bb0&Prime; z_index=\u00a0\u00bb0&Prime; medium_width=\u00a0\u00bb0&Prime; mobile_width=\u00a0\u00bb0&Prime; width=\u00a0\u00bb2\/3&Prime;][vc_column_text css=\u00a0\u00bb.vc_custom_1596716237429{padding-top: 30px !important;padding-right: 20px !important;padding-bottom: 30px !important;padding-left: 20px !important;}\u00a0\u00bb]<\/p>\n","protected":false},"author":1,"featured_media":0,"parent":0,"menu_order":0,"comment_status":"closed","ping_status":"closed","template":"","meta":{"om_disable_all_campaigns":false,"_monsterinsights_skip_tracking":false,"_monsterinsights_sitenote_active":false,"_monsterinsights_sitenote_note":"","_monsterinsights_sitenote_category":0,"_uf_show_specific_survey":0,"_uf_disable_surveys":false,"footnotes":""},"class_list":["post-88966","page","type-page","status-publish","hentry"],"aioseo_notices":[],"_links":{"self":[{"href":"https:\/\/riadorangeraie.com\/fr\/wp-json\/wp\/v2\/pages\/88966","targetHints":{"allow":["GET"]}}],"collection":[{"href":"https:\/\/riadorangeraie.com\/fr\/wp-json\/wp\/v2\/pages"}],"about":[{"href":"https:\/\/riadorangeraie.com\/fr\/wp-json\/wp\/v2\/types\/page"}],"author":[{"embeddable":true,"href":"https:\/\/riadorangeraie.com\/fr\/wp-json\/wp\/v2\/users\/1"}],"replies":[{"embeddable":true,"href":"https:\/\/riadorangeraie.com\/fr\/wp-json\/wp\/v2\/comments?post=88966"}],"version-history":[{"count":3,"href":"https:\/\/riadorangeraie.com\/fr\/wp-json\/wp\/v2\/pages\/88966\/revisions"}],"predecessor-version":[{"id":90286,"href":"https:\/\/riadorangeraie.com\/fr\/wp-json\/wp\/v2\/pages\/88966\/revisions\/90286"}],"wp:attachment":[{"href":"https:\/\/riadorangeraie.com\/fr\/wp-json\/wp\/v2\/media?parent=88966"}],"curies":[{"name":"wp","href":"https:\/\/api.w.org\/{rel}","templated":true}]}}